{"id":9134,"date":"2025-09-04T15:01:27","date_gmt":"2025-09-04T13:01:27","guid":{"rendered":"https:\/\/akquaaa.com\/group-menus\/"},"modified":"2025-09-04T17:09:15","modified_gmt":"2025-09-04T15:09:15","slug":"group-menus","status":"publish","type":"page","link":"https:\/\/akquaaa.com\/fr\/group-menus\/","title":{"rendered":"Group menus"},"content":{"rendered":"\t\t<div data-elementor-type=\"wp-page\" data-elementor-id=\"9134\" class=\"elementor elementor-9134 elementor-9089\" data-elementor-post-type=\"page\">\n\t\t\t\t<div class=\"elementor-element elementor-element-18fafca9 e-con-full e-flex e-con e-parent\" data-id=\"18fafca9\" data-element_type=\"container\" data-e-type=\"container\" data-settings=\"{&quot;background_background&quot;:&quot;classic&quot;}\">\n\t\t\t\t<div class=\"elementor-element elementor-element-e1b01a0 elementor-widget elementor-widget-image\" data-id=\"e1b01a0\" data-element_type=\"widget\" data-e-type=\"widget\" data-widget_type=\"image.default\">\n\t\t\t\t<div class=\"elementor-widget-container\">\n\t\t\t\t\t\t\t\t\t\t\t\t\t\t\t<img fetchpriority=\"high\" decoding=\"async\" width=\"557\" height=\"557\" src=\"https:\/\/akquaaa.com\/wp-content\/uploads\/2025\/01\/FAVICON-WEB.png\" class=\"attachment-large size-large wp-image-9858\" alt=\"\" srcset=\"https:\/\/akquaaa.com\/wp-content\/uploads\/2025\/01\/FAVICON-WEB.png 557w, https:\/\/akquaaa.com\/wp-content\/uploads\/2025\/01\/FAVICON-WEB-300x300.png 300w, https:\/\/akquaaa.com\/wp-content\/uploads\/2025\/01\/FAVICON-WEB-150x150.png 150w\" sizes=\"(max-width: 557px) 100vw, 557px\" \/>\t\t\t\t\t\t\t\t\t\t\t\t\t\t\t<\/div>\n\t\t\t\t<\/div>\n\t\t\t\t<div class=\"elementor-element elementor-element-332f124 elementor-widget elementor-widget-heading\" data-id=\"332f124\" data-element_type=\"widget\" data-e-type=\"widget\" data-widget_type=\"heading.default\">\n\t\t\t\t<div class=\"elementor-widget-container\">\n\t\t\t\t\t<h1 class=\"elementor-heading-title elementor-size-default\">GROUP MENUS<\/h1>\t\t\t\t<\/div>\n\t\t\t\t<\/div>\n\t\t\t\t<\/div>\n\t\t<div class=\"elementor-element elementor-element-5283700 e-grid e-con-boxed e-con e-parent\" data-id=\"5283700\" data-element_type=\"container\" data-e-type=\"container\">\n\t\t\t\t\t<div class=\"e-con-inner\">\n\t\t<div class=\"elementor-element elementor-element-b02eff2 e-con-full e-flex e-con e-child\" data-id=\"b02eff2\" data-element_type=\"container\" data-e-type=\"container\">\n\t\t\t\t<div class=\"elementor-element elementor-element-e3d43fb elementor-widget elementor-widget-heading\" data-id=\"e3d43fb\" data-element_type=\"widget\" data-e-type=\"widget\" data-widget_type=\"heading.default\">\n\t\t\t\t<div class=\"elementor-widget-container\">\n\t\t\t\t\t<h2 class=\"elementor-heading-title elementor-size-default\">Rice<\/h2>\t\t\t\t<\/div>\n\t\t\t\t<\/div>\n\t\t\t\t<div class=\"elementor-element elementor-element-f54b35f elementor-widget elementor-widget-image\" data-id=\"f54b35f\" data-element_type=\"widget\" data-e-type=\"widget\" data-widget_type=\"image.default\">\n\t\t\t\t<div class=\"elementor-widget-container\">\n\t\t\t\t\t\t\t\t\t\t\t\t\t\t\t\t<a href=\"https:\/\/akquaaa.com\/wp-content\/uploads\/2025\/09\/ENG_MENU_ARROZ_.pdf\" target=\"_blank\">\n\t\t\t\t\t\t\t<img decoding=\"async\" width=\"546\" height=\"867\" src=\"https:\/\/akquaaa.com\/wp-content\/uploads\/2025\/09\/ENG_MENU_ARROZ_c.jpg\" class=\"elementor-animation-float attachment-full size-full wp-image-9190\" alt=\"\" srcset=\"https:\/\/akquaaa.com\/wp-content\/uploads\/2025\/09\/ENG_MENU_ARROZ_c.jpg 546w, https:\/\/akquaaa.com\/wp-content\/uploads\/2025\/09\/ENG_MENU_ARROZ_c-189x300.jpg 189w\" sizes=\"(max-width: 546px) 100vw, 546px\" \/>\t\t\t\t\t\t\t\t<\/a>\n\t\t\t\t\t\t\t\t\t\t\t\t\t\t\t<\/div>\n\t\t\t\t<\/div>\n\t\t\t\t<\/div>\n\t\t<div class=\"elementor-element elementor-element-ef6f08f e-con-full e-flex e-con e-child\" data-id=\"ef6f08f\" data-element_type=\"container\" data-e-type=\"container\">\n\t\t\t\t<div class=\"elementor-element elementor-element-02272db elementor-widget elementor-widget-heading\" data-id=\"02272db\" data-element_type=\"widget\" data-e-type=\"widget\" data-widget_type=\"heading.default\">\n\t\t\t\t<div class=\"elementor-widget-container\">\n\t\t\t\t\t<h2 class=\"elementor-heading-title elementor-size-default\">Formula lunch<\/h2>\t\t\t\t<\/div>\n\t\t\t\t<\/div>\n\t\t\t\t<div class=\"elementor-element elementor-element-74d6571 elementor-widget elementor-widget-image\" data-id=\"74d6571\" data-element_type=\"widget\" data-e-type=\"widget\" data-widget_type=\"image.default\">\n\t\t\t\t<div class=\"elementor-widget-container\">\n\t\t\t\t\t\t\t\t\t\t\t\t\t\t\t\t<a href=\"https:\/\/akquaaa.com\/wp-content\/uploads\/2025\/09\/ENG_FORMULA_MEDIODIA_.pdf\" target=\"_blank\">\n\t\t\t\t\t\t\t<img decoding=\"async\" width=\"547\" height=\"867\" src=\"https:\/\/akquaaa.com\/wp-content\/uploads\/2025\/09\/ENG_FORMULA_MEDIODIA.jpg\" class=\"elementor-animation-float attachment-full size-full wp-image-9186\" alt=\"\" srcset=\"https:\/\/akquaaa.com\/wp-content\/uploads\/2025\/09\/ENG_FORMULA_MEDIODIA.jpg 547w, https:\/\/akquaaa.com\/wp-content\/uploads\/2025\/09\/ENG_FORMULA_MEDIODIA-189x300.jpg 189w\" sizes=\"(max-width: 547px) 100vw, 547px\" \/>\t\t\t\t\t\t\t\t<\/a>\n\t\t\t\t\t\t\t\t\t\t\t\t\t\t\t<\/div>\n\t\t\t\t<\/div>\n\t\t\t\t<\/div>\n\t\t<div class=\"elementor-element elementor-element-6982fe2 e-con-full e-flex e-con e-child\" data-id=\"6982fe2\" data-element_type=\"container\" data-e-type=\"container\">\n\t\t\t\t<div class=\"elementor-element elementor-element-957e11a elementor-widget elementor-widget-heading\" data-id=\"957e11a\" data-element_type=\"widget\" data-e-type=\"widget\" data-widget_type=\"heading.default\">\n\t\t\t\t<div class=\"elementor-widget-container\">\n\t\t\t\t\t<h2 class=\"elementor-heading-title elementor-size-default\">Beach<\/h2>\t\t\t\t<\/div>\n\t\t\t\t<\/div>\n\t\t\t\t<div class=\"elementor-element elementor-element-6838472 elementor-widget elementor-widget-image\" data-id=\"6838472\" data-element_type=\"widget\" data-e-type=\"widget\" data-widget_type=\"image.default\">\n\t\t\t\t<div class=\"elementor-widget-container\">\n\t\t\t\t\t\t\t\t\t\t\t\t\t\t\t\t<a href=\"https:\/\/akquaaa.com\/wp-content\/uploads\/2025\/09\/ENG_MENU_PLAYA_.pdf\" target=\"_blank\">\n\t\t\t\t\t\t\t<img loading=\"lazy\" decoding=\"async\" width=\"545\" height=\"865\" src=\"https:\/\/akquaaa.com\/wp-content\/uploads\/2025\/09\/ENG_MENU_PLAYA.jpg\" class=\"elementor-animation-float attachment-full size-full wp-image-9194\" alt=\"\" srcset=\"https:\/\/akquaaa.com\/wp-content\/uploads\/2025\/09\/ENG_MENU_PLAYA.jpg 545w, https:\/\/akquaaa.com\/wp-content\/uploads\/2025\/09\/ENG_MENU_PLAYA-189x300.jpg 189w\" sizes=\"(max-width: 545px) 100vw, 545px\" \/>\t\t\t\t\t\t\t\t<\/a>\n\t\t\t\t\t\t\t\t\t\t\t\t\t\t\t<\/div>\n\t\t\t\t<\/div>\n\t\t\t\t<\/div>\n\t\t\t\t\t<\/div>\n\t\t\t\t<\/div>\n\t\t\t\t<\/div>\n\t\t","protected":false},"excerpt":{"rendered":"<p>GROUP MENUS Rice Formula lunch Beach<\/p>\n","protected":false},"author":1,"featured_media":878,"parent":0,"menu_order":0,"comment_status":"closed","ping_status":"closed","template":"","meta":{"footnotes":""},"class_list":["post-9134","page","type-page","status-publish","has-post-thumbnail","hentry"],"yoast_head":"<!-- This site is optimized with the Yoast SEO plugin v27.3 - https:\/\/yoast.com\/product\/yoast-seo-wordpress\/ -->\n<title>H\u00f4tel-restaurant Akquaaa<\/title>\n<meta name=\"description\" content=\"Restaurant de l&#039;h\u00f4tel Akquaaa. D\u00e9couvrez la saveur authentique de la M\u00e9diterran\u00e9e directement sur la plage. \u00c0 Calafell, Tarragone.\" \/>\n<meta name=\"robots\" content=\"index, follow, max-snippet:-1, max-image-preview:large, max-video-preview:-1\" \/>\n<link rel=\"canonical\" href=\"https:\/\/akquaaa.com\/menus-de-grupo\/\" \/>\n<meta property=\"og:locale\" content=\"fr_FR\" \/>\n<meta property=\"og:type\" content=\"article\" \/>\n<meta property=\"og:title\" content=\"H\u00f4tel-restaurant Akquaaa\" \/>\n<meta property=\"og:description\" content=\"Restaurant de l&#039;h\u00f4tel Akquaaa. D\u00e9couvrez la saveur authentique de la M\u00e9diterran\u00e9e directement sur la plage. \u00c0 Calafell, Tarragone.\" \/>\n<meta property=\"og:url\" content=\"https:\/\/akquaaa.com\/menus-de-grupo\/\" \/>\n<meta property=\"og:site_name\" content=\"Akquaaa\" \/>\n<meta property=\"article:modified_time\" content=\"2025-09-04T15:09:15+00:00\" \/>\n<meta property=\"og:image\" content=\"https:\/\/akquaaa.com\/wp-content\/uploads\/2025\/02\/MRG_3315-scaled.jpg\" \/>\n\t<meta property=\"og:image:width\" content=\"2560\" \/>\n\t<meta property=\"og:image:height\" content=\"1707\" \/>\n\t<meta property=\"og:image:type\" content=\"image\/jpeg\" \/>\n<meta name=\"twitter:card\" content=\"summary_large_image\" \/>\n<meta name=\"twitter:label1\" content=\"Dur\u00e9e de lecture estim\u00e9e\" \/>\n\t<meta name=\"twitter:data1\" content=\"1 minute\" \/>\n<script type=\"application\/ld+json\" class=\"yoast-schema-graph\">{\"@context\":\"https:\\\/\\\/schema.org\",\"@graph\":[{\"@type\":\"WebPage\",\"@id\":\"https:\\\/\\\/akquaaa.com\\\/menus-de-grupo\\\/\",\"url\":\"https:\\\/\\\/akquaaa.com\\\/menus-de-grupo\\\/\",\"name\":\"H\u00f4tel-restaurant Akquaaa\",\"isPartOf\":{\"@id\":\"https:\\\/\\\/akquaaa.com\\\/#website\"},\"primaryImageOfPage\":{\"@id\":\"https:\\\/\\\/akquaaa.com\\\/menus-de-grupo\\\/#primaryimage\"},\"image\":{\"@id\":\"https:\\\/\\\/akquaaa.com\\\/menus-de-grupo\\\/#primaryimage\"},\"thumbnailUrl\":\"https:\\\/\\\/akquaaa.com\\\/wp-content\\\/uploads\\\/2025\\\/02\\\/MRG_3315-scaled.jpg\",\"datePublished\":\"2025-09-04T13:01:27+00:00\",\"dateModified\":\"2025-09-04T15:09:15+00:00\",\"description\":\"Restaurant de l'h\u00f4tel Akquaaa. D\u00e9couvrez la saveur authentique de la M\u00e9diterran\u00e9e directement sur la plage. \u00c0 Calafell, Tarragone.\",\"breadcrumb\":{\"@id\":\"https:\\\/\\\/akquaaa.com\\\/menus-de-grupo\\\/#breadcrumb\"},\"inLanguage\":\"fr-FR\",\"potentialAction\":[{\"@type\":\"ReadAction\",\"target\":[\"https:\\\/\\\/akquaaa.com\\\/menus-de-grupo\\\/\"]}]},{\"@type\":\"ImageObject\",\"inLanguage\":\"fr-FR\",\"@id\":\"https:\\\/\\\/akquaaa.com\\\/menus-de-grupo\\\/#primaryimage\",\"url\":\"https:\\\/\\\/akquaaa.com\\\/wp-content\\\/uploads\\\/2025\\\/02\\\/MRG_3315-scaled.jpg\",\"contentUrl\":\"https:\\\/\\\/akquaaa.com\\\/wp-content\\\/uploads\\\/2025\\\/02\\\/MRG_3315-scaled.jpg\",\"width\":2560,\"height\":1707},{\"@type\":\"BreadcrumbList\",\"@id\":\"https:\\\/\\\/akquaaa.com\\\/menus-de-grupo\\\/#breadcrumb\",\"itemListElement\":[{\"@type\":\"ListItem\",\"position\":1,\"name\":\"Portada\",\"item\":\"https:\\\/\\\/akquaaa.com\\\/\"},{\"@type\":\"ListItem\",\"position\":2,\"name\":\"Group menus\"}]},{\"@type\":\"WebSite\",\"@id\":\"https:\\\/\\\/akquaaa.com\\\/#website\",\"url\":\"https:\\\/\\\/akquaaa.com\\\/\",\"name\":\"Hotel Akquaaa\",\"description\":\"\",\"publisher\":{\"@id\":\"https:\\\/\\\/akquaaa.com\\\/#organization\"},\"potentialAction\":[{\"@type\":\"SearchAction\",\"target\":{\"@type\":\"EntryPoint\",\"urlTemplate\":\"https:\\\/\\\/akquaaa.com\\\/?s={search_term_string}\"},\"query-input\":{\"@type\":\"PropertyValueSpecification\",\"valueRequired\":true,\"valueName\":\"search_term_string\"}}],\"inLanguage\":\"fr-FR\"},{\"@type\":\"Organization\",\"@id\":\"https:\\\/\\\/akquaaa.com\\\/#organization\",\"name\":\"Hotel Akquaaa\",\"url\":\"https:\\\/\\\/akquaaa.com\\\/\",\"logo\":{\"@type\":\"ImageObject\",\"inLanguage\":\"fr-FR\",\"@id\":\"https:\\\/\\\/akquaaa.com\\\/#\\\/schema\\\/logo\\\/image\\\/\",\"url\":\"https:\\\/\\\/akquaaa.com\\\/wp-content\\\/uploads\\\/2025\\\/01\\\/LOHO-HOTEL-NEGRO.png\",\"contentUrl\":\"https:\\\/\\\/akquaaa.com\\\/wp-content\\\/uploads\\\/2025\\\/01\\\/LOHO-HOTEL-NEGRO.png\",\"width\":4000,\"height\":1016,\"caption\":\"Hotel Akquaaa\"},\"image\":{\"@id\":\"https:\\\/\\\/akquaaa.com\\\/#\\\/schema\\\/logo\\\/image\\\/\"}}]}<\/script>\n<!-- \/ Yoast SEO plugin. -->","yoast_head_json":{"title":"H\u00f4tel-restaurant Akquaaa","description":"Restaurant de l'h\u00f4tel Akquaaa. D\u00e9couvrez la saveur authentique de la M\u00e9diterran\u00e9e directement sur la plage. \u00c0 Calafell, Tarragone.","robots":{"index":"index","follow":"follow","max-snippet":"max-snippet:-1","max-image-preview":"max-image-preview:large","max-video-preview":"max-video-preview:-1"},"canonical":"https:\/\/akquaaa.com\/menus-de-grupo\/","og_locale":"fr_FR","og_type":"article","og_title":"H\u00f4tel-restaurant Akquaaa","og_description":"Restaurant de l'h\u00f4tel Akquaaa. D\u00e9couvrez la saveur authentique de la M\u00e9diterran\u00e9e directement sur la plage. \u00c0 Calafell, Tarragone.","og_url":"https:\/\/akquaaa.com\/menus-de-grupo\/","og_site_name":"Akquaaa","article_modified_time":"2025-09-04T15:09:15+00:00","og_image":[{"width":2560,"height":1707,"url":"https:\/\/akquaaa.com\/wp-content\/uploads\/2025\/02\/MRG_3315-scaled.jpg","type":"image\/jpeg"}],"twitter_card":"summary_large_image","twitter_misc":{"Dur\u00e9e de lecture estim\u00e9e":"1 minute"},"schema":{"@context":"https:\/\/schema.org","@graph":[{"@type":"WebPage","@id":"https:\/\/akquaaa.com\/menus-de-grupo\/","url":"https:\/\/akquaaa.com\/menus-de-grupo\/","name":"H\u00f4tel-restaurant Akquaaa","isPartOf":{"@id":"https:\/\/akquaaa.com\/#website"},"primaryImageOfPage":{"@id":"https:\/\/akquaaa.com\/menus-de-grupo\/#primaryimage"},"image":{"@id":"https:\/\/akquaaa.com\/menus-de-grupo\/#primaryimage"},"thumbnailUrl":"https:\/\/akquaaa.com\/wp-content\/uploads\/2025\/02\/MRG_3315-scaled.jpg","datePublished":"2025-09-04T13:01:27+00:00","dateModified":"2025-09-04T15:09:15+00:00","description":"Restaurant de l'h\u00f4tel Akquaaa. D\u00e9couvrez la saveur authentique de la M\u00e9diterran\u00e9e directement sur la plage. \u00c0 Calafell, Tarragone.","breadcrumb":{"@id":"https:\/\/akquaaa.com\/menus-de-grupo\/#breadcrumb"},"inLanguage":"fr-FR","potentialAction":[{"@type":"ReadAction","target":["https:\/\/akquaaa.com\/menus-de-grupo\/"]}]},{"@type":"ImageObject","inLanguage":"fr-FR","@id":"https:\/\/akquaaa.com\/menus-de-grupo\/#primaryimage","url":"https:\/\/akquaaa.com\/wp-content\/uploads\/2025\/02\/MRG_3315-scaled.jpg","contentUrl":"https:\/\/akquaaa.com\/wp-content\/uploads\/2025\/02\/MRG_3315-scaled.jpg","width":2560,"height":1707},{"@type":"BreadcrumbList","@id":"https:\/\/akquaaa.com\/menus-de-grupo\/#breadcrumb","itemListElement":[{"@type":"ListItem","position":1,"name":"Portada","item":"https:\/\/akquaaa.com\/"},{"@type":"ListItem","position":2,"name":"Group menus"}]},{"@type":"WebSite","@id":"https:\/\/akquaaa.com\/#website","url":"https:\/\/akquaaa.com\/","name":"Hotel Akquaaa","description":"","publisher":{"@id":"https:\/\/akquaaa.com\/#organization"},"potentialAction":[{"@type":"SearchAction","target":{"@type":"EntryPoint","urlTemplate":"https:\/\/akquaaa.com\/?s={search_term_string}"},"query-input":{"@type":"PropertyValueSpecification","valueRequired":true,"valueName":"search_term_string"}}],"inLanguage":"fr-FR"},{"@type":"Organization","@id":"https:\/\/akquaaa.com\/#organization","name":"Hotel Akquaaa","url":"https:\/\/akquaaa.com\/","logo":{"@type":"ImageObject","inLanguage":"fr-FR","@id":"https:\/\/akquaaa.com\/#\/schema\/logo\/image\/","url":"https:\/\/akquaaa.com\/wp-content\/uploads\/2025\/01\/LOHO-HOTEL-NEGRO.png","contentUrl":"https:\/\/akquaaa.com\/wp-content\/uploads\/2025\/01\/LOHO-HOTEL-NEGRO.png","width":4000,"height":1016,"caption":"Hotel Akquaaa"},"image":{"@id":"https:\/\/akquaaa.com\/#\/schema\/logo\/image\/"}}]}},"_links":{"self":[{"href":"https:\/\/akquaaa.com\/fr\/wp-json\/wp\/v2\/pages\/9134","targetHints":{"allow":["GET"]}}],"collection":[{"href":"https:\/\/akquaaa.com\/fr\/wp-json\/wp\/v2\/pages"}],"about":[{"href":"https:\/\/akquaaa.com\/fr\/wp-json\/wp\/v2\/types\/page"}],"author":[{"embeddable":true,"href":"https:\/\/akquaaa.com\/fr\/wp-json\/wp\/v2\/users\/1"}],"replies":[{"embeddable":true,"href":"https:\/\/akquaaa.com\/fr\/wp-json\/wp\/v2\/comments?post=9134"}],"version-history":[{"count":0,"href":"https:\/\/akquaaa.com\/fr\/wp-json\/wp\/v2\/pages\/9134\/revisions"}],"wp:featuredmedia":[{"embeddable":true,"href":"https:\/\/akquaaa.com\/fr\/wp-json\/wp\/v2\/media\/878"}],"wp:attachment":[{"href":"https:\/\/akquaaa.com\/fr\/wp-json\/wp\/v2\/media?parent=9134"}],"curies":[{"name":"wp","href":"https:\/\/api.w.org\/{rel}","templated":true}]}}