{"id":7856,"date":"2025-02-24T08:35:17","date_gmt":"2025-02-24T07:35:17","guid":{"rendered":"https:\/\/akquaaa.com\/club-de-plage-akquaaa\/"},"modified":"2025-09-04T17:35:14","modified_gmt":"2025-09-04T15:35:14","slug":"club-de-plage-akquaaa","status":"publish","type":"page","link":"https:\/\/akquaaa.com\/fr\/club-de-plage-akquaaa\/","title":{"rendered":"Club de plage Akquaaa"},"content":{"rendered":"\t\t<div data-elementor-type=\"wp-page\" data-elementor-id=\"7856\" class=\"elementor elementor-7856 elementor-900\" data-elementor-post-type=\"page\">\n\t\t\t\t<div class=\"elementor-element elementor-element-18fafca9 e-con-full e-flex e-con e-parent\" data-id=\"18fafca9\" data-element_type=\"container\" data-e-type=\"container\" data-settings=\"{&quot;background_background&quot;:&quot;classic&quot;}\">\n\t\t\t\t<div class=\"elementor-element elementor-element-e1b01a0 elementor-widget elementor-widget-image\" data-id=\"e1b01a0\" data-element_type=\"widget\" data-e-type=\"widget\" data-widget_type=\"image.default\">\n\t\t\t\t<div class=\"elementor-widget-container\">\n\t\t\t\t\t\t\t\t\t\t\t\t\t\t\t<img fetchpriority=\"high\" decoding=\"async\" width=\"557\" height=\"557\" src=\"https:\/\/akquaaa.com\/wp-content\/uploads\/2025\/01\/FAVICON-WEB.png\" class=\"attachment-large size-large wp-image-9858\" alt=\"\" srcset=\"https:\/\/akquaaa.com\/wp-content\/uploads\/2025\/01\/FAVICON-WEB.png 557w, https:\/\/akquaaa.com\/wp-content\/uploads\/2025\/01\/FAVICON-WEB-300x300.png 300w, https:\/\/akquaaa.com\/wp-content\/uploads\/2025\/01\/FAVICON-WEB-150x150.png 150w\" sizes=\"(max-width: 557px) 100vw, 557px\" \/>\t\t\t\t\t\t\t\t\t\t\t\t\t\t\t<\/div>\n\t\t\t\t<\/div>\n\t\t\t\t<div class=\"elementor-element elementor-element-332f124 elementor-widget elementor-widget-heading\" data-id=\"332f124\" data-element_type=\"widget\" data-e-type=\"widget\" data-widget_type=\"heading.default\">\n\t\t\t\t<div class=\"elementor-widget-container\">\n\t\t\t\t\t<h1 class=\"elementor-heading-title elementor-size-default\">BEACH CLUB<\/h1>\t\t\t\t<\/div>\n\t\t\t\t<\/div>\n\t\t\t\t<div class=\"elementor-element elementor-element-392952f elementor-widget elementor-widget-heading\" data-id=\"392952f\" data-element_type=\"widget\" data-e-type=\"widget\" data-widget_type=\"heading.default\">\n\t\t\t\t<div class=\"elementor-widget-container\">\n\t\t\t\t\t<h2 class=\"elementor-heading-title elementor-size-default\">D\u00c9TENTE, COCKTAILS ET D\u00c9CONNEXION EN BORD DE MER<\/h2>\t\t\t\t<\/div>\n\t\t\t\t<\/div>\n\t\t\t\t<\/div>\n\t\t<div class=\"elementor-element elementor-element-13ada20 e-flex e-con-boxed e-con e-parent\" data-id=\"13ada20\" data-element_type=\"container\" data-e-type=\"container\" data-settings=\"{&quot;background_background&quot;:&quot;classic&quot;}\">\n\t\t\t\t\t<div class=\"e-con-inner\">\n\t\t<div class=\"elementor-element elementor-element-a823b77 e-con-full e-flex e-con e-child\" data-id=\"a823b77\" data-element_type=\"container\" data-e-type=\"container\" data-settings=\"{&quot;background_background&quot;:&quot;classic&quot;}\">\n\t\t\t\t<div class=\"elementor-element elementor-element-16dbbd7 elementor-widget elementor-widget-heading\" data-id=\"16dbbd7\" data-element_type=\"widget\" data-e-type=\"widget\" data-widget_type=\"heading.default\">\n\t\t\t\t<div class=\"elementor-widget-container\">\n\t\t\t\t\t<h2 class=\"elementor-heading-title elementor-size-default\">Club de plage exclusif en bord de mer\n\n<\/h2>\t\t\t\t<\/div>\n\t\t\t\t<\/div>\n\t\t\t\t<div class=\"elementor-element elementor-element-f4dffc9 elementor-widget elementor-widget-heading\" data-id=\"f4dffc9\" data-element_type=\"widget\" data-e-type=\"widget\" data-widget_type=\"heading.default\">\n\t\t\t\t<div class=\"elementor-widget-container\">\n\t\t\t\t\t<h2 class=\"elementor-heading-title elementor-size-default\">D\u00e9tendez-vous, profitez et d\u00e9couvrez la Costa Daurada dans un espace unique\n\n\n\n\n\n\n\n<\/h2>\t\t\t\t<\/div>\n\t\t\t\t<\/div>\n\t\t\t\t<div class=\"elementor-element elementor-element-1c5113d elementor-widget elementor-widget-heading\" data-id=\"1c5113d\" data-element_type=\"widget\" data-e-type=\"widget\" data-widget_type=\"heading.default\">\n\t\t\t\t<div class=\"elementor-widget-container\">\n\t\t\t\t\t<h2 class=\"elementor-heading-title elementor-size-default\">Ouvert du 20 juin au 15 septembre\n\n\n\n\n\n\n<\/h2>\t\t\t\t<\/div>\n\t\t\t\t<\/div>\n\t\t\t\t<div class=\"elementor-element elementor-element-c304d35 elementor-widget elementor-widget-text-editor\" data-id=\"c304d35\" data-element_type=\"widget\" data-e-type=\"widget\" data-widget_type=\"text-editor.default\">\n\t\t\t\t<div class=\"elementor-widget-container\">\n\t\t\t\t\t\t\t\t\t<p>Situ\u00e9 directement sur le front de mer, le Beach Club de l&rsquo;h\u00f4tel offre \u00e0 nos clients une retraite exclusive o\u00f9 le soleil, la mer et le plaisir se rencontrent. Dans ce paradis c\u00f4tier, vous pourrez profiter d&rsquo;une exp\u00e9rience unique, avec des hamacs confortables sous des parasols pour un repos parfait, un espace bar de plage pour siroter des cocktails rafra\u00eechissants et une atmosph\u00e8re d\u00e9tendue sur notre terrasse et notre espace d\u00e9tente. Chaque soir, vous pourrez vous plonger dans une ambiance vibrante avec des sessions DJ, tout en vous relaxant au son de la mer en fond sonore. Vivez des moments inoubliables dans ce lieu privil\u00e9gi\u00e9 en bord de mer.   <\/p>\t\t\t\t\t\t\t\t<\/div>\n\t\t\t\t<\/div>\n\t\t\t\t<div class=\"elementor-element elementor-element-cacbf60 elementor-align-center elementor-widget elementor-widget-button\" data-id=\"cacbf60\" data-element_type=\"widget\" data-e-type=\"widget\" data-widget_type=\"button.default\">\n\t\t\t\t<div class=\"elementor-widget-container\">\n\t\t\t\t\t\t\t\t\t<div class=\"elementor-button-wrapper\">\n\t\t\t\t\t<a class=\"elementor-button elementor-button-link elementor-size-sm\" href=\"https:\/\/akquaaa.com\/wp-content\/uploads\/2025\/06\/ESP_CARTA_LOUNGE_WEB.pdf%20%20\">\n\t\t\t\t\t\t<span class=\"elementor-button-content-wrapper\">\n\t\t\t\t\t\t\t\t\t<span class=\"elementor-button-text\">Carta Beach Club<\/span>\n\t\t\t\t\t<\/span>\n\t\t\t\t\t<\/a>\n\t\t\t\t<\/div>\n\t\t\t\t\t\t\t\t<\/div>\n\t\t\t\t<\/div>\n\t\t\t\t<\/div>\n\t\t\t\t\t<\/div>\n\t\t\t\t<\/div>\n\t\t<div class=\"elementor-element elementor-element-7d56463 e-con-full e-flex e-con e-parent\" data-id=\"7d56463\" data-element_type=\"container\" data-e-type=\"container\">\n\t\t<div class=\"elementor-element elementor-element-5065bda e-con-full e-flex e-con e-child\" data-id=\"5065bda\" data-element_type=\"container\" data-e-type=\"container\">\n\t\t\t\t<div class=\"elementor-element elementor-element-69fd811 elementor-cta--laptop-layout-image-above elementor-cta--valign-top elementor-cta--skin-classic elementor-animated-content elementor-bg-transform elementor-bg-transform-zoom-in elementor-widget elementor-widget-call-to-action\" data-id=\"69fd811\" data-element_type=\"widget\" data-e-type=\"widget\" data-widget_type=\"call-to-action.default\">\n\t\t\t\t<div class=\"elementor-widget-container\">\n\t\t\t\t\t\t\t<div class=\"elementor-cta\">\n\t\t\t\t\t<div class=\"elementor-cta__bg-wrapper\">\n\t\t\t\t<div class=\"elementor-cta__bg elementor-bg\" style=\"background-image: url(https:\/\/akquaaa.com\/wp-content\/uploads\/2025\/02\/daikiri-frozen-tumbonas-beach-club-683x1024.jpg);\" role=\"img\" aria-label=\"daikiri frozen tumbonas beach club\"><\/div>\n\t\t\t\t<div class=\"elementor-cta__bg-overlay\"><\/div>\n\t\t\t<\/div>\n\t\t\t\t\t\t\t<div class=\"elementor-cta__content\">\n\t\t\t\t\n\t\t\t\t\t\t\t\t\t<h2 class=\"elementor-cta__title elementor-cta__content-item elementor-content-item\">\n\t\t\t\t\t\tBar de plage et cocktails\t\t\t\t\t<\/h2>\n\t\t\t\t\n\t\t\t\t\t\t\t\t\t<div class=\"elementor-cta__description elementor-cta__content-item elementor-content-item\">\n\t\t\t\t\t\tD\u00e9tendez-vous dans notre espace bar de plage et savourez les meilleures boissons tout en profitant de la mer.\t\t\t\t\t<\/div>\n\t\t\t\t\n\t\t\t\t\t\t\t<\/div>\n\t\t\t\t\t\t<\/div>\n\t\t\t\t\t\t<\/div>\n\t\t\t\t<\/div>\n\t\t\t\t<\/div>\n\t\t<div class=\"elementor-element elementor-element-16e278f e-con-full e-flex e-con e-child\" data-id=\"16e278f\" data-element_type=\"container\" data-e-type=\"container\">\n\t\t\t\t<div class=\"elementor-element elementor-element-18d6d84 elementor-cta--skin-classic elementor-animated-content elementor-bg-transform elementor-bg-transform-zoom-in elementor-widget elementor-widget-call-to-action\" data-id=\"18d6d84\" data-element_type=\"widget\" data-e-type=\"widget\" data-widget_type=\"call-to-action.default\">\n\t\t\t\t<div class=\"elementor-widget-container\">\n\t\t\t\t\t\t\t<div class=\"elementor-cta\">\n\t\t\t\t\t<div class=\"elementor-cta__bg-wrapper\">\n\t\t\t\t<div class=\"elementor-cta__bg elementor-bg\" style=\"background-image: url(https:\/\/akquaaa.com\/wp-content\/uploads\/2025\/02\/dj-terraza-paseo-maritimo-4-1024x684.jpg);\" role=\"img\" aria-label=\"dj terraza paseo maritimo 4\"><\/div>\n\t\t\t\t<div class=\"elementor-cta__bg-overlay\"><\/div>\n\t\t\t<\/div>\n\t\t\t\t\t\t\t<div class=\"elementor-cta__content\">\n\t\t\t\t\n\t\t\t\t\t\t\t\t\t<h2 class=\"elementor-cta__title elementor-cta__content-item elementor-content-item\">\n\t\t\t\t\t\tAnimation DJ\t\t\t\t\t<\/h2>\n\t\t\t\t\n\t\t\t\t\t\t\t\t\t<div class=\"elementor-cta__description elementor-cta__content-item elementor-content-item\">\n\t\t\t\t\t\tTous les vendredis et samedis, de 20h00 \u00e0 23h00, profitez d'une ambiance unique avec la musique live de notre DJ Ale Rod jusqu'au 13 septembre. \t\t\t\t\t<\/div>\n\t\t\t\t\n\t\t\t\t\t\t\t<\/div>\n\t\t\t\t\t\t<\/div>\n\t\t\t\t\t\t<\/div>\n\t\t\t\t<\/div>\n\t\t\t\t<\/div>\n\t\t<div class=\"elementor-element elementor-element-e5d94d9 e-con-full e-flex e-con e-child\" data-id=\"e5d94d9\" data-element_type=\"container\" data-e-type=\"container\">\n\t\t\t\t<div class=\"elementor-element elementor-element-0ec0485 elementor-cta--laptop-layout-image-above elementor-cta--valign-top elementor-cta--skin-classic elementor-animated-content elementor-bg-transform elementor-bg-transform-zoom-in elementor-widget elementor-widget-call-to-action\" data-id=\"0ec0485\" data-element_type=\"widget\" data-e-type=\"widget\" data-widget_type=\"call-to-action.default\">\n\t\t\t\t<div class=\"elementor-widget-container\">\n\t\t\t\t\t\t\t<div class=\"elementor-cta\">\n\t\t\t\t\t<div class=\"elementor-cta__bg-wrapper\">\n\t\t\t\t<div class=\"elementor-cta__bg elementor-bg\" style=\"background-image: url(https:\/\/akquaaa.com\/wp-content\/uploads\/2025\/02\/chill-out-terraza-maritimo-1024x683.jpg);\" role=\"img\" aria-label=\"chill out terraza maritimo\"><\/div>\n\t\t\t\t<div class=\"elementor-cta__bg-overlay\"><\/div>\n\t\t\t<\/div>\n\t\t\t\t\t\t\t<div class=\"elementor-cta__content\">\n\t\t\t\t\n\t\t\t\t\t\t\t\t\t<h2 class=\"elementor-cta__title elementor-cta__content-item elementor-content-item\">\n\t\t\t\t\t\tEspaces d\u00e9tente et relaxation\t\t\t\t\t<\/h2>\n\t\t\t\t\n\t\t\t\t\t\t\t\t\t<div class=\"elementor-cta__description elementor-cta__content-item elementor-content-item\">\n\t\t\t\t\t\tD\u00e9tendez-vous dans nos espaces chill-out et terrasses con\u00e7us pour votre confort total.\n\n\t\t\t\t\t<\/div>\n\t\t\t\t\n\t\t\t\t\t\t\t<\/div>\n\t\t\t\t\t\t<\/div>\n\t\t\t\t\t\t<\/div>\n\t\t\t\t<\/div>\n\t\t\t\t<\/div>\n\t\t\t\t<\/div>\n\t\t<div class=\"elementor-element elementor-element-6f9673f e-con-full e-flex e-con e-parent\" data-id=\"6f9673f\" data-element_type=\"container\" data-e-type=\"container\" data-settings=\"{&quot;background_background&quot;:&quot;classic&quot;}\">\n\t\t\t\t<div class=\"elementor-element elementor-element-76a02a5 elementor-widget elementor-widget-spacer\" data-id=\"76a02a5\" data-element_type=\"widget\" data-e-type=\"widget\" data-widget_type=\"spacer.default\">\n\t\t\t\t<div class=\"elementor-widget-container\">\n\t\t\t\t\t\t\t<div class=\"elementor-spacer\">\n\t\t\t<div class=\"elementor-spacer-inner\"><\/div>\n\t\t<\/div>\n\t\t\t\t\t\t<\/div>\n\t\t\t\t<\/div>\n\t\t\t\t<\/div>\n\t\t\t\t<\/div>\n\t\t","protected":false},"excerpt":{"rendered":"<p>BEACH CLUB D\u00c9TENTE, COCKTAILS ET D\u00c9CONNEXION EN BORD DE MER Club de plage exclusif en bord de mer D\u00e9tendez-vous, profitez et d\u00e9couvrez la Costa Daurada dans un espace unique Ouvert du 20 juin au 15 septembre Situ\u00e9 directement sur le front de mer, le Beach Club de l&rsquo;h\u00f4tel offre \u00e0 nos clients une retraite exclusive [&hellip;]<\/p>\n","protected":false},"author":1,"featured_media":919,"parent":0,"menu_order":0,"comment_status":"closed","ping_status":"closed","template":"","meta":{"footnotes":""},"class_list":["post-7856","page","type-page","status-publish","has-post-thumbnail","hentry"],"yoast_head":"<!-- This site is optimized with the Yoast SEO plugin v27.4 - https:\/\/yoast.com\/product\/yoast-seo-wordpress\/ -->\n<title>Club de plage Akquaaa<\/title>\n<meta name=\"description\" content=\"D\u00e9couvrez le Beach Club exclusif de notre h\u00f4tel \u00e0 Calafell, directement en bord de mer. Hamacs, kayaks, paddle surf, cocktails...\" \/>\n<meta name=\"robots\" content=\"index, follow, max-snippet:-1, max-image-preview:large, max-video-preview:-1\" \/>\n<link rel=\"canonical\" href=\"https:\/\/akquaaa.com\/fr\/club-de-plage-akquaaa\/\" \/>\n<meta property=\"og:locale\" content=\"fr_FR\" \/>\n<meta property=\"og:type\" content=\"article\" \/>\n<meta property=\"og:title\" content=\"Club de plage Akquaaa\" \/>\n<meta property=\"og:description\" content=\"D\u00e9couvrez le Beach Club exclusif de notre h\u00f4tel \u00e0 Calafell, directement en bord de mer. Hamacs, kayaks, paddle surf, cocktails...\" \/>\n<meta property=\"og:url\" content=\"https:\/\/akquaaa.com\/fr\/club-de-plage-akquaaa\/\" \/>\n<meta property=\"og:site_name\" content=\"Akquaaa\" \/>\n<meta property=\"article:modified_time\" content=\"2025-09-04T15:35:14+00:00\" \/>\n<meta property=\"og:image\" content=\"https:\/\/akquaaa.com\/wp-content\/uploads\/2025\/02\/beach-club-playa-1-scaled.jpg\" \/>\n\t<meta property=\"og:image:width\" content=\"2560\" \/>\n\t<meta property=\"og:image:height\" content=\"1708\" \/>\n\t<meta property=\"og:image:type\" content=\"image\/jpeg\" \/>\n<meta name=\"twitter:card\" content=\"summary_large_image\" \/>\n<meta name=\"twitter:label1\" content=\"Dur\u00e9e de lecture estim\u00e9e\" \/>\n\t<meta name=\"twitter:data1\" content=\"1 minute\" \/>\n<script type=\"application\/ld+json\" class=\"yoast-schema-graph\">{\"@context\":\"https:\\\/\\\/schema.org\",\"@graph\":[{\"@type\":\"WebPage\",\"@id\":\"https:\\\/\\\/akquaaa.com\\\/fr\\\/club-de-plage-akquaaa\\\/\",\"url\":\"https:\\\/\\\/akquaaa.com\\\/fr\\\/club-de-plage-akquaaa\\\/\",\"name\":\"Club de plage Akquaaa\",\"isPartOf\":{\"@id\":\"https:\\\/\\\/akquaaa.com\\\/#website\"},\"primaryImageOfPage\":{\"@id\":\"https:\\\/\\\/akquaaa.com\\\/fr\\\/club-de-plage-akquaaa\\\/#primaryimage\"},\"image\":{\"@id\":\"https:\\\/\\\/akquaaa.com\\\/fr\\\/club-de-plage-akquaaa\\\/#primaryimage\"},\"thumbnailUrl\":\"https:\\\/\\\/akquaaa.com\\\/wp-content\\\/uploads\\\/2025\\\/02\\\/beach-club-playa-1-scaled.jpg\",\"datePublished\":\"2025-02-24T07:35:17+00:00\",\"dateModified\":\"2025-09-04T15:35:14+00:00\",\"description\":\"D\u00e9couvrez le Beach Club exclusif de notre h\u00f4tel \u00e0 Calafell, directement en bord de mer. Hamacs, kayaks, paddle surf, cocktails...\",\"breadcrumb\":{\"@id\":\"https:\\\/\\\/akquaaa.com\\\/fr\\\/club-de-plage-akquaaa\\\/#breadcrumb\"},\"inLanguage\":\"fr-FR\",\"potentialAction\":[{\"@type\":\"ReadAction\",\"target\":[\"https:\\\/\\\/akquaaa.com\\\/fr\\\/club-de-plage-akquaaa\\\/\"]}]},{\"@type\":\"ImageObject\",\"inLanguage\":\"fr-FR\",\"@id\":\"https:\\\/\\\/akquaaa.com\\\/fr\\\/club-de-plage-akquaaa\\\/#primaryimage\",\"url\":\"https:\\\/\\\/akquaaa.com\\\/wp-content\\\/uploads\\\/2025\\\/02\\\/beach-club-playa-1-scaled.jpg\",\"contentUrl\":\"https:\\\/\\\/akquaaa.com\\\/wp-content\\\/uploads\\\/2025\\\/02\\\/beach-club-playa-1-scaled.jpg\",\"width\":2560,\"height\":1708},{\"@type\":\"BreadcrumbList\",\"@id\":\"https:\\\/\\\/akquaaa.com\\\/fr\\\/club-de-plage-akquaaa\\\/#breadcrumb\",\"itemListElement\":[{\"@type\":\"ListItem\",\"position\":1,\"name\":\"Portada\",\"item\":\"https:\\\/\\\/akquaaa.com\\\/\"},{\"@type\":\"ListItem\",\"position\":2,\"name\":\"Club de plage Akquaaa\"}]},{\"@type\":\"WebSite\",\"@id\":\"https:\\\/\\\/akquaaa.com\\\/#website\",\"url\":\"https:\\\/\\\/akquaaa.com\\\/\",\"name\":\"Hotel Akquaaa\",\"description\":\"\",\"publisher\":{\"@id\":\"https:\\\/\\\/akquaaa.com\\\/#organization\"},\"potentialAction\":[{\"@type\":\"SearchAction\",\"target\":{\"@type\":\"EntryPoint\",\"urlTemplate\":\"https:\\\/\\\/akquaaa.com\\\/?s={search_term_string}\"},\"query-input\":{\"@type\":\"PropertyValueSpecification\",\"valueRequired\":true,\"valueName\":\"search_term_string\"}}],\"inLanguage\":\"fr-FR\"},{\"@type\":\"Organization\",\"@id\":\"https:\\\/\\\/akquaaa.com\\\/#organization\",\"name\":\"Hotel Akquaaa\",\"url\":\"https:\\\/\\\/akquaaa.com\\\/\",\"logo\":{\"@type\":\"ImageObject\",\"inLanguage\":\"fr-FR\",\"@id\":\"https:\\\/\\\/akquaaa.com\\\/#\\\/schema\\\/logo\\\/image\\\/\",\"url\":\"https:\\\/\\\/akquaaa.com\\\/wp-content\\\/uploads\\\/2025\\\/01\\\/LOHO-HOTEL-NEGRO.png\",\"contentUrl\":\"https:\\\/\\\/akquaaa.com\\\/wp-content\\\/uploads\\\/2025\\\/01\\\/LOHO-HOTEL-NEGRO.png\",\"width\":4000,\"height\":1016,\"caption\":\"Hotel Akquaaa\"},\"image\":{\"@id\":\"https:\\\/\\\/akquaaa.com\\\/#\\\/schema\\\/logo\\\/image\\\/\"}}]}<\/script>\n<!-- \/ Yoast SEO plugin. -->","yoast_head_json":{"title":"Club de plage Akquaaa","description":"D\u00e9couvrez le Beach Club exclusif de notre h\u00f4tel \u00e0 Calafell, directement en bord de mer. Hamacs, kayaks, paddle surf, cocktails...","robots":{"index":"index","follow":"follow","max-snippet":"max-snippet:-1","max-image-preview":"max-image-preview:large","max-video-preview":"max-video-preview:-1"},"canonical":"https:\/\/akquaaa.com\/fr\/club-de-plage-akquaaa\/","og_locale":"fr_FR","og_type":"article","og_title":"Club de plage Akquaaa","og_description":"D\u00e9couvrez le Beach Club exclusif de notre h\u00f4tel \u00e0 Calafell, directement en bord de mer. Hamacs, kayaks, paddle surf, cocktails...","og_url":"https:\/\/akquaaa.com\/fr\/club-de-plage-akquaaa\/","og_site_name":"Akquaaa","article_modified_time":"2025-09-04T15:35:14+00:00","og_image":[{"width":2560,"height":1708,"url":"https:\/\/akquaaa.com\/wp-content\/uploads\/2025\/02\/beach-club-playa-1-scaled.jpg","type":"image\/jpeg"}],"twitter_card":"summary_large_image","twitter_misc":{"Dur\u00e9e de lecture estim\u00e9e":"1 minute"},"schema":{"@context":"https:\/\/schema.org","@graph":[{"@type":"WebPage","@id":"https:\/\/akquaaa.com\/fr\/club-de-plage-akquaaa\/","url":"https:\/\/akquaaa.com\/fr\/club-de-plage-akquaaa\/","name":"Club de plage Akquaaa","isPartOf":{"@id":"https:\/\/akquaaa.com\/#website"},"primaryImageOfPage":{"@id":"https:\/\/akquaaa.com\/fr\/club-de-plage-akquaaa\/#primaryimage"},"image":{"@id":"https:\/\/akquaaa.com\/fr\/club-de-plage-akquaaa\/#primaryimage"},"thumbnailUrl":"https:\/\/akquaaa.com\/wp-content\/uploads\/2025\/02\/beach-club-playa-1-scaled.jpg","datePublished":"2025-02-24T07:35:17+00:00","dateModified":"2025-09-04T15:35:14+00:00","description":"D\u00e9couvrez le Beach Club exclusif de notre h\u00f4tel \u00e0 Calafell, directement en bord de mer. Hamacs, kayaks, paddle surf, cocktails...","breadcrumb":{"@id":"https:\/\/akquaaa.com\/fr\/club-de-plage-akquaaa\/#breadcrumb"},"inLanguage":"fr-FR","potentialAction":[{"@type":"ReadAction","target":["https:\/\/akquaaa.com\/fr\/club-de-plage-akquaaa\/"]}]},{"@type":"ImageObject","inLanguage":"fr-FR","@id":"https:\/\/akquaaa.com\/fr\/club-de-plage-akquaaa\/#primaryimage","url":"https:\/\/akquaaa.com\/wp-content\/uploads\/2025\/02\/beach-club-playa-1-scaled.jpg","contentUrl":"https:\/\/akquaaa.com\/wp-content\/uploads\/2025\/02\/beach-club-playa-1-scaled.jpg","width":2560,"height":1708},{"@type":"BreadcrumbList","@id":"https:\/\/akquaaa.com\/fr\/club-de-plage-akquaaa\/#breadcrumb","itemListElement":[{"@type":"ListItem","position":1,"name":"Portada","item":"https:\/\/akquaaa.com\/"},{"@type":"ListItem","position":2,"name":"Club de plage Akquaaa"}]},{"@type":"WebSite","@id":"https:\/\/akquaaa.com\/#website","url":"https:\/\/akquaaa.com\/","name":"Hotel Akquaaa","description":"","publisher":{"@id":"https:\/\/akquaaa.com\/#organization"},"potentialAction":[{"@type":"SearchAction","target":{"@type":"EntryPoint","urlTemplate":"https:\/\/akquaaa.com\/?s={search_term_string}"},"query-input":{"@type":"PropertyValueSpecification","valueRequired":true,"valueName":"search_term_string"}}],"inLanguage":"fr-FR"},{"@type":"Organization","@id":"https:\/\/akquaaa.com\/#organization","name":"Hotel Akquaaa","url":"https:\/\/akquaaa.com\/","logo":{"@type":"ImageObject","inLanguage":"fr-FR","@id":"https:\/\/akquaaa.com\/#\/schema\/logo\/image\/","url":"https:\/\/akquaaa.com\/wp-content\/uploads\/2025\/01\/LOHO-HOTEL-NEGRO.png","contentUrl":"https:\/\/akquaaa.com\/wp-content\/uploads\/2025\/01\/LOHO-HOTEL-NEGRO.png","width":4000,"height":1016,"caption":"Hotel Akquaaa"},"image":{"@id":"https:\/\/akquaaa.com\/#\/schema\/logo\/image\/"}}]}},"_links":{"self":[{"href":"https:\/\/akquaaa.com\/fr\/wp-json\/wp\/v2\/pages\/7856","targetHints":{"allow":["GET"]}}],"collection":[{"href":"https:\/\/akquaaa.com\/fr\/wp-json\/wp\/v2\/pages"}],"about":[{"href":"https:\/\/akquaaa.com\/fr\/wp-json\/wp\/v2\/types\/page"}],"author":[{"embeddable":true,"href":"https:\/\/akquaaa.com\/fr\/wp-json\/wp\/v2\/users\/1"}],"replies":[{"embeddable":true,"href":"https:\/\/akquaaa.com\/fr\/wp-json\/wp\/v2\/comments?post=7856"}],"version-history":[{"count":0,"href":"https:\/\/akquaaa.com\/fr\/wp-json\/wp\/v2\/pages\/7856\/revisions"}],"wp:featuredmedia":[{"embeddable":true,"href":"https:\/\/akquaaa.com\/fr\/wp-json\/wp\/v2\/media\/919"}],"wp:attachment":[{"href":"https:\/\/akquaaa.com\/fr\/wp-json\/wp\/v2\/media?parent=7856"}],"curies":[{"name":"wp","href":"https:\/\/api.w.org\/{rel}","templated":true}]}}