{"id":7745,"date":"2025-02-14T11:00:36","date_gmt":"2025-02-14T10:00:36","guid":{"rendered":"https:\/\/akquaaa.com\/contact\/"},"modified":"2025-09-04T17:38:55","modified_gmt":"2025-09-04T15:38:55","slug":"contact","status":"publish","type":"page","link":"https:\/\/akquaaa.com\/fr\/contact\/","title":{"rendered":"Contact"},"content":{"rendered":"\t\t<div data-elementor-type=\"wp-page\" data-elementor-id=\"7745\" class=\"elementor elementor-7745 elementor-441\" data-elementor-post-type=\"page\">\n\t\t\t\t<div class=\"elementor-element elementor-element-18fafca9 e-con-full e-flex e-con e-parent\" data-id=\"18fafca9\" data-element_type=\"container\" data-e-type=\"container\" data-settings=\"{&quot;background_background&quot;:&quot;classic&quot;}\">\n\t\t\t\t<div class=\"elementor-element elementor-element-e1b01a0 elementor-widget elementor-widget-image\" data-id=\"e1b01a0\" data-element_type=\"widget\" data-e-type=\"widget\" data-widget_type=\"image.default\">\n\t\t\t\t<div class=\"elementor-widget-container\">\n\t\t\t\t\t\t\t\t\t\t\t\t\t\t\t<img fetchpriority=\"high\" decoding=\"async\" width=\"557\" height=\"557\" src=\"https:\/\/akquaaa.com\/wp-content\/uploads\/2025\/01\/FAVICON-WEB.png\" class=\"attachment-large size-large wp-image-9858\" alt=\"\" srcset=\"https:\/\/akquaaa.com\/wp-content\/uploads\/2025\/01\/FAVICON-WEB.png 557w, https:\/\/akquaaa.com\/wp-content\/uploads\/2025\/01\/FAVICON-WEB-300x300.png 300w, https:\/\/akquaaa.com\/wp-content\/uploads\/2025\/01\/FAVICON-WEB-150x150.png 150w\" sizes=\"(max-width: 557px) 100vw, 557px\" \/>\t\t\t\t\t\t\t\t\t\t\t\t\t\t\t<\/div>\n\t\t\t\t<\/div>\n\t\t\t\t<div class=\"elementor-element elementor-element-332f124 elementor-widget elementor-widget-heading\" data-id=\"332f124\" data-element_type=\"widget\" data-e-type=\"widget\" data-widget_type=\"heading.default\">\n\t\t\t\t<div class=\"elementor-widget-container\">\n\t\t\t\t\t<h1 class=\"elementor-heading-title elementor-size-default\">CONTACT<\/h1>\t\t\t\t<\/div>\n\t\t\t\t<\/div>\n\t\t\t\t<div class=\"elementor-element elementor-element-392952f elementor-widget elementor-widget-heading\" data-id=\"392952f\" data-element_type=\"widget\" data-e-type=\"widget\" data-widget_type=\"heading.default\">\n\t\t\t\t<div class=\"elementor-widget-container\">\n\t\t\t\t\t<h2 class=\"elementor-heading-title elementor-size-default\">NOUS SOMMES ICI POUR VOUS AIDER<\/h2>\t\t\t\t<\/div>\n\t\t\t\t<\/div>\n\t\t\t\t<\/div>\n\t\t<div class=\"elementor-element elementor-element-c9fb00c e-flex e-con-boxed e-con e-parent\" data-id=\"c9fb00c\" data-element_type=\"container\" data-e-type=\"container\" data-settings=\"{&quot;background_background&quot;:&quot;classic&quot;}\">\n\t\t\t\t\t<div class=\"e-con-inner\">\n\t\t<div class=\"elementor-element elementor-element-4a8b56b e-con-full e-flex e-con e-child\" data-id=\"4a8b56b\" data-element_type=\"container\" data-e-type=\"container\">\n\t\t\t\t<div class=\"elementor-element elementor-element-c304d35 elementor-widget elementor-widget-text-editor\" data-id=\"c304d35\" data-element_type=\"widget\" data-e-type=\"widget\" data-widget_type=\"text-editor.default\">\n\t\t\t\t<div class=\"elementor-widget-container\">\n\t\t\t\t\t\t\t\t\t<p><span style=\"text-decoration: underline;\"><strong>EMPLACEMENT<\/strong><\/span><\/p><p>Avda. Sant Joan de De\u0301u, 119 43820 Calafell, Tarragona<\/p><p><span style=\"text-decoration: underline;\"><strong>T\u00c9L\u00c9PHONES<\/strong><\/span><\/p><p>H\u00d4TEL +34 977 692 300<\/p><p>RESTAURANT +34 977 692 507<\/p><p><span style=\"text-decoration: underline;\"><strong>EMAIL<\/strong><\/span><\/p><p><span style=\"color: #ffffff;\"><a style=\"color: #ffffff;\" href=\"mailto:info@akquaaa.com\">info@akquaaa.com<\/a><\/span><\/p>\t\t\t\t\t\t\t\t<\/div>\n\t\t\t\t<\/div>\n\t\t\t\t<\/div>\n\t\t<div class=\"elementor-element elementor-element-616dbbc e-con-full e-flex e-con e-child\" data-id=\"616dbbc\" data-element_type=\"container\" data-e-type=\"container\">\n\t\t\t\t<div class=\"elementor-element elementor-element-2d082a6 elementor-button-align-stretch elementor-widget elementor-widget-form\" data-id=\"2d082a6\" data-element_type=\"widget\" data-e-type=\"widget\" data-settings=\"{&quot;step_next_label&quot;:&quot;Suivant&quot;,&quot;step_previous_label&quot;:&quot;Ancien&quot;,&quot;button_width&quot;:&quot;100&quot;,&quot;step_type&quot;:&quot;number_text&quot;,&quot;step_icon_shape&quot;:&quot;circle&quot;}\" data-widget_type=\"form.default\">\n\t\t\t\t<div class=\"elementor-widget-container\">\n\t\t\t\t\t\t\t<form class=\"elementor-form\" method=\"post\" name=\"Nouvelle forme\" aria-label=\"Nouvelle forme\">\n\t\t\t<input type=\"hidden\" name=\"post_id\" value=\"7745\"\/>\n\t\t\t<input type=\"hidden\" name=\"form_id\" value=\"2d082a6\"\/>\n\t\t\t<input type=\"hidden\" name=\"referer_title\" value=\"Contact - Akquaaa\" \/>\n\n\t\t\t\t\t\t\t<input type=\"hidden\" name=\"queried_id\" value=\"7745\"\/>\n\t\t\t\n\t\t\t<div class=\"elementor-form-fields-wrapper elementor-labels-above\">\n\t\t\t\t\t\t\t\t<div class=\"elementor-field-type-text elementor-field-group elementor-column elementor-field-group-name elementor-col-100\">\n\t\t\t\t\t\t\t\t\t\t\t\t<label for=\"form-field-name\" class=\"elementor-field-label\">\n\t\t\t\t\t\t\t\tNom\t\t\t\t\t\t\t<\/label>\n\t\t\t\t\t\t\t\t\t\t\t\t\t\t<input size=\"1\" type=\"text\" name=\"form_fields[name]\" id=\"form-field-name\" class=\"elementor-field elementor-size-sm  elementor-field-textual\" placeholder=\"Nom\">\n\t\t\t\t\t\t\t\t\t\t\t<\/div>\n\t\t\t\t\t\t\t\t<div class=\"elementor-field-type-email elementor-field-group elementor-column elementor-field-group-email elementor-col-50 elementor-field-required\">\n\t\t\t\t\t\t\t\t\t\t\t\t<label for=\"form-field-email\" class=\"elementor-field-label\">\n\t\t\t\t\t\t\t\tE-mail\t\t\t\t\t\t\t<\/label>\n\t\t\t\t\t\t\t\t\t\t\t\t\t\t<input size=\"1\" type=\"email\" name=\"form_fields[email]\" id=\"form-field-email\" class=\"elementor-field elementor-size-sm  elementor-field-textual\" placeholder=\"E-mail\" required=\"required\">\n\t\t\t\t\t\t\t\t\t\t\t<\/div>\n\t\t\t\t\t\t\t\t<div class=\"elementor-field-type-tel elementor-field-group elementor-column elementor-field-group-field_22d948d elementor-col-50 elementor-field-required\">\n\t\t\t\t\t\t\t\t\t\t\t\t<label for=\"form-field-field_22d948d\" class=\"elementor-field-label\">\n\t\t\t\t\t\t\t\tT\u00e9l\u00e9phone\t\t\t\t\t\t\t<\/label>\n\t\t\t\t\t\t\t\t<input size=\"1\" type=\"tel\" name=\"form_fields[field_22d948d]\" id=\"form-field-field_22d948d\" class=\"elementor-field elementor-size-sm  elementor-field-textual\" placeholder=\"T\u00e9l\u00e9phone\" required=\"required\" pattern=\"[0-9()#&amp;+*-=.]+\" title=\"Seuls les caract\u00e8res de num\u00e9ros de t\u00e9l\u00e9phone (#, -, *, etc.) sont accept\u00e9s.\">\n\n\t\t\t\t\t\t<\/div>\n\t\t\t\t\t\t\t\t<div class=\"elementor-field-type-textarea elementor-field-group elementor-column elementor-field-group-message elementor-col-100\">\n\t\t\t\t\t\t\t\t\t\t\t\t<label for=\"form-field-message\" class=\"elementor-field-label\">\n\t\t\t\t\t\t\t\tMessage\t\t\t\t\t\t\t<\/label>\n\t\t\t\t\t\t<textarea class=\"elementor-field-textual elementor-field  elementor-size-sm\" name=\"form_fields[message]\" id=\"form-field-message\" rows=\"4\" placeholder=\"Message\"><\/textarea>\t\t\t\t<\/div>\n\t\t\t\t\t\t\t\t<div class=\"elementor-field-group elementor-column elementor-field-type-submit elementor-col-100 e-form__buttons\">\n\t\t\t\t\t<button class=\"elementor-button elementor-size-sm\" type=\"submit\">\n\t\t\t\t\t\t<span class=\"elementor-button-content-wrapper\">\n\t\t\t\t\t\t\t\t\t\t\t\t\t\t\t\t\t\t\t\t\t\t<span class=\"elementor-button-text\">Envoyer<\/span>\n\t\t\t\t\t\t\t\t\t\t\t\t\t<\/span>\n\t\t\t\t\t<\/button>\n\t\t\t\t<\/div>\n\t\t\t<\/div>\n\t\t<\/form>\n\t\t\t\t\t\t<\/div>\n\t\t\t\t<\/div>\n\t\t\t\t<\/div>\n\t\t\t\t\t<\/div>\n\t\t\t\t<\/div>\n\t\t<div class=\"elementor-element elementor-element-a6de127 e-flex e-con-boxed e-con e-parent\" data-id=\"a6de127\" data-element_type=\"container\" data-e-type=\"container\" data-settings=\"{&quot;background_background&quot;:&quot;classic&quot;}\">\n\t\t\t\t\t<div class=\"e-con-inner\">\n\t\t\t\t<div class=\"elementor-element elementor-element-3f891ec elementor-widget elementor-widget-google_maps\" data-id=\"3f891ec\" data-element_type=\"widget\" data-e-type=\"widget\" data-widget_type=\"google_maps.default\">\n\t\t\t\t<div class=\"elementor-widget-container\">\n\t\t\t\t\t\t\t<div class=\"elementor-custom-embed\">\n\t\t\t<iframe loading=\"lazy\"\n\t\t\t\t\tsrc=\"https:\/\/maps.google.com\/maps?q=Avda.%20Sant%20Joan%20de%20De%CC%81u%2C%20119%2043820%20Calafell%2C%20Tarragona&#038;t=m&#038;z=13&#038;output=embed&#038;iwloc=near\"\n\t\t\t\t\ttitle=\"Avda. Sant Joan de De\u0301u, 119 43820 Calafell, Tarragona\"\n\t\t\t\t\taria-label=\"Avda. Sant Joan de De\u0301u, 119 43820 Calafell, Tarragona\"\n\t\t\t><\/iframe>\n\t\t<\/div>\n\t\t\t\t\t\t<\/div>\n\t\t\t\t<\/div>\n\t\t\t\t\t<\/div>\n\t\t\t\t<\/div>\n\t\t\t\t<\/div>\n\t\t","protected":false},"excerpt":{"rendered":"<p>CONTACT NOUS SOMMES ICI POUR VOUS AIDER EMPLACEMENT Avda. Sant Joan de De\u0301u, 119 43820 Calafell, Tarragona T\u00c9L\u00c9PHONES H\u00d4TEL +34 977 692 300 RESTAURANT +34 977 692 507 EMAIL info@akquaaa.com<\/p>\n","protected":false},"author":1,"featured_media":0,"parent":0,"menu_order":0,"comment_status":"closed","ping_status":"closed","template":"","meta":{"footnotes":""},"class_list":["post-7745","page","type-page","status-publish","hentry"],"yoast_head":"<!-- This site is optimized with the Yoast SEO plugin v27.3 - https:\/\/yoast.com\/product\/yoast-seo-wordpress\/ -->\n<title>Contact - Akquaaa<\/title>\n<meta name=\"description\" content=\"Nous sommes situ\u00e9s \u00e0 Avda. Sant Joan de D\u00e9u, 119 43820 Calafell, Tarragone. Faites votre r\u00e9servation au +34 977 692 300\" \/>\n<meta name=\"robots\" content=\"index, follow, max-snippet:-1, max-image-preview:large, max-video-preview:-1\" \/>\n<link rel=\"canonical\" href=\"https:\/\/akquaaa.com\/fr\/contact\/\" \/>\n<meta property=\"og:locale\" content=\"fr_FR\" \/>\n<meta property=\"og:type\" content=\"article\" \/>\n<meta property=\"og:title\" content=\"Contact - Akquaaa\" \/>\n<meta property=\"og:description\" content=\"Nous sommes situ\u00e9s \u00e0 Avda. Sant Joan de D\u00e9u, 119 43820 Calafell, Tarragone. Faites votre r\u00e9servation au +34 977 692 300\" \/>\n<meta property=\"og:url\" content=\"https:\/\/akquaaa.com\/fr\/contact\/\" \/>\n<meta property=\"og:site_name\" content=\"Akquaaa\" \/>\n<meta property=\"article:modified_time\" content=\"2025-09-04T15:38:55+00:00\" \/>\n<meta property=\"og:image\" content=\"https:\/\/akquaaa.com\/wp-content\/uploads\/2025\/01\/FAVICON-WEB.png\" \/>\n\t<meta property=\"og:image:width\" content=\"557\" \/>\n\t<meta property=\"og:image:height\" content=\"557\" \/>\n\t<meta property=\"og:image:type\" content=\"image\/png\" \/>\n<meta name=\"twitter:card\" content=\"summary_large_image\" \/>\n<script type=\"application\/ld+json\" class=\"yoast-schema-graph\">{\"@context\":\"https:\\\/\\\/schema.org\",\"@graph\":[{\"@type\":\"WebPage\",\"@id\":\"https:\\\/\\\/akquaaa.com\\\/fr\\\/contact\\\/\",\"url\":\"https:\\\/\\\/akquaaa.com\\\/fr\\\/contact\\\/\",\"name\":\"Contact - Akquaaa\",\"isPartOf\":{\"@id\":\"https:\\\/\\\/akquaaa.com\\\/#website\"},\"primaryImageOfPage\":{\"@id\":\"https:\\\/\\\/akquaaa.com\\\/fr\\\/contact\\\/#primaryimage\"},\"image\":{\"@id\":\"https:\\\/\\\/akquaaa.com\\\/fr\\\/contact\\\/#primaryimage\"},\"thumbnailUrl\":\"https:\\\/\\\/akquaaa.com\\\/wp-content\\\/uploads\\\/2025\\\/01\\\/FAVICON-WEB.png\",\"datePublished\":\"2025-02-14T10:00:36+00:00\",\"dateModified\":\"2025-09-04T15:38:55+00:00\",\"description\":\"Nous sommes situ\u00e9s \u00e0 Avda. Sant Joan de D\u00e9u, 119 43820 Calafell, Tarragone. Faites votre r\u00e9servation au +34 977 692 300\",\"breadcrumb\":{\"@id\":\"https:\\\/\\\/akquaaa.com\\\/fr\\\/contact\\\/#breadcrumb\"},\"inLanguage\":\"fr-FR\",\"potentialAction\":[{\"@type\":\"ReadAction\",\"target\":[\"https:\\\/\\\/akquaaa.com\\\/fr\\\/contact\\\/\"]}]},{\"@type\":\"ImageObject\",\"inLanguage\":\"fr-FR\",\"@id\":\"https:\\\/\\\/akquaaa.com\\\/fr\\\/contact\\\/#primaryimage\",\"url\":\"https:\\\/\\\/akquaaa.com\\\/wp-content\\\/uploads\\\/2025\\\/01\\\/FAVICON-WEB.png\",\"contentUrl\":\"https:\\\/\\\/akquaaa.com\\\/wp-content\\\/uploads\\\/2025\\\/01\\\/FAVICON-WEB.png\"},{\"@type\":\"BreadcrumbList\",\"@id\":\"https:\\\/\\\/akquaaa.com\\\/fr\\\/contact\\\/#breadcrumb\",\"itemListElement\":[{\"@type\":\"ListItem\",\"position\":1,\"name\":\"Portada\",\"item\":\"https:\\\/\\\/akquaaa.com\\\/\"},{\"@type\":\"ListItem\",\"position\":2,\"name\":\"Contact\"}]},{\"@type\":\"WebSite\",\"@id\":\"https:\\\/\\\/akquaaa.com\\\/#website\",\"url\":\"https:\\\/\\\/akquaaa.com\\\/\",\"name\":\"Hotel Akquaaa\",\"description\":\"\",\"publisher\":{\"@id\":\"https:\\\/\\\/akquaaa.com\\\/#organization\"},\"potentialAction\":[{\"@type\":\"SearchAction\",\"target\":{\"@type\":\"EntryPoint\",\"urlTemplate\":\"https:\\\/\\\/akquaaa.com\\\/?s={search_term_string}\"},\"query-input\":{\"@type\":\"PropertyValueSpecification\",\"valueRequired\":true,\"valueName\":\"search_term_string\"}}],\"inLanguage\":\"fr-FR\"},{\"@type\":\"Organization\",\"@id\":\"https:\\\/\\\/akquaaa.com\\\/#organization\",\"name\":\"Hotel Akquaaa\",\"url\":\"https:\\\/\\\/akquaaa.com\\\/\",\"logo\":{\"@type\":\"ImageObject\",\"inLanguage\":\"fr-FR\",\"@id\":\"https:\\\/\\\/akquaaa.com\\\/#\\\/schema\\\/logo\\\/image\\\/\",\"url\":\"https:\\\/\\\/akquaaa.com\\\/wp-content\\\/uploads\\\/2025\\\/01\\\/LOHO-HOTEL-NEGRO.png\",\"contentUrl\":\"https:\\\/\\\/akquaaa.com\\\/wp-content\\\/uploads\\\/2025\\\/01\\\/LOHO-HOTEL-NEGRO.png\",\"width\":4000,\"height\":1016,\"caption\":\"Hotel Akquaaa\"},\"image\":{\"@id\":\"https:\\\/\\\/akquaaa.com\\\/#\\\/schema\\\/logo\\\/image\\\/\"}}]}<\/script>\n<!-- \/ Yoast SEO plugin. -->","yoast_head_json":{"title":"Contact - Akquaaa","description":"Nous sommes situ\u00e9s \u00e0 Avda. Sant Joan de D\u00e9u, 119 43820 Calafell, Tarragone. Faites votre r\u00e9servation au +34 977 692 300","robots":{"index":"index","follow":"follow","max-snippet":"max-snippet:-1","max-image-preview":"max-image-preview:large","max-video-preview":"max-video-preview:-1"},"canonical":"https:\/\/akquaaa.com\/fr\/contact\/","og_locale":"fr_FR","og_type":"article","og_title":"Contact - Akquaaa","og_description":"Nous sommes situ\u00e9s \u00e0 Avda. Sant Joan de D\u00e9u, 119 43820 Calafell, Tarragone. Faites votre r\u00e9servation au +34 977 692 300","og_url":"https:\/\/akquaaa.com\/fr\/contact\/","og_site_name":"Akquaaa","article_modified_time":"2025-09-04T15:38:55+00:00","og_image":[{"width":557,"height":557,"url":"https:\/\/akquaaa.com\/wp-content\/uploads\/2025\/01\/FAVICON-WEB.png","type":"image\/png"}],"twitter_card":"summary_large_image","schema":{"@context":"https:\/\/schema.org","@graph":[{"@type":"WebPage","@id":"https:\/\/akquaaa.com\/fr\/contact\/","url":"https:\/\/akquaaa.com\/fr\/contact\/","name":"Contact - Akquaaa","isPartOf":{"@id":"https:\/\/akquaaa.com\/#website"},"primaryImageOfPage":{"@id":"https:\/\/akquaaa.com\/fr\/contact\/#primaryimage"},"image":{"@id":"https:\/\/akquaaa.com\/fr\/contact\/#primaryimage"},"thumbnailUrl":"https:\/\/akquaaa.com\/wp-content\/uploads\/2025\/01\/FAVICON-WEB.png","datePublished":"2025-02-14T10:00:36+00:00","dateModified":"2025-09-04T15:38:55+00:00","description":"Nous sommes situ\u00e9s \u00e0 Avda. Sant Joan de D\u00e9u, 119 43820 Calafell, Tarragone. Faites votre r\u00e9servation au +34 977 692 300","breadcrumb":{"@id":"https:\/\/akquaaa.com\/fr\/contact\/#breadcrumb"},"inLanguage":"fr-FR","potentialAction":[{"@type":"ReadAction","target":["https:\/\/akquaaa.com\/fr\/contact\/"]}]},{"@type":"ImageObject","inLanguage":"fr-FR","@id":"https:\/\/akquaaa.com\/fr\/contact\/#primaryimage","url":"https:\/\/akquaaa.com\/wp-content\/uploads\/2025\/01\/FAVICON-WEB.png","contentUrl":"https:\/\/akquaaa.com\/wp-content\/uploads\/2025\/01\/FAVICON-WEB.png"},{"@type":"BreadcrumbList","@id":"https:\/\/akquaaa.com\/fr\/contact\/#breadcrumb","itemListElement":[{"@type":"ListItem","position":1,"name":"Portada","item":"https:\/\/akquaaa.com\/"},{"@type":"ListItem","position":2,"name":"Contact"}]},{"@type":"WebSite","@id":"https:\/\/akquaaa.com\/#website","url":"https:\/\/akquaaa.com\/","name":"Hotel Akquaaa","description":"","publisher":{"@id":"https:\/\/akquaaa.com\/#organization"},"potentialAction":[{"@type":"SearchAction","target":{"@type":"EntryPoint","urlTemplate":"https:\/\/akquaaa.com\/?s={search_term_string}"},"query-input":{"@type":"PropertyValueSpecification","valueRequired":true,"valueName":"search_term_string"}}],"inLanguage":"fr-FR"},{"@type":"Organization","@id":"https:\/\/akquaaa.com\/#organization","name":"Hotel Akquaaa","url":"https:\/\/akquaaa.com\/","logo":{"@type":"ImageObject","inLanguage":"fr-FR","@id":"https:\/\/akquaaa.com\/#\/schema\/logo\/image\/","url":"https:\/\/akquaaa.com\/wp-content\/uploads\/2025\/01\/LOHO-HOTEL-NEGRO.png","contentUrl":"https:\/\/akquaaa.com\/wp-content\/uploads\/2025\/01\/LOHO-HOTEL-NEGRO.png","width":4000,"height":1016,"caption":"Hotel Akquaaa"},"image":{"@id":"https:\/\/akquaaa.com\/#\/schema\/logo\/image\/"}}]}},"_links":{"self":[{"href":"https:\/\/akquaaa.com\/fr\/wp-json\/wp\/v2\/pages\/7745","targetHints":{"allow":["GET"]}}],"collection":[{"href":"https:\/\/akquaaa.com\/fr\/wp-json\/wp\/v2\/pages"}],"about":[{"href":"https:\/\/akquaaa.com\/fr\/wp-json\/wp\/v2\/types\/page"}],"author":[{"embeddable":true,"href":"https:\/\/akquaaa.com\/fr\/wp-json\/wp\/v2\/users\/1"}],"replies":[{"embeddable":true,"href":"https:\/\/akquaaa.com\/fr\/wp-json\/wp\/v2\/comments?post=7745"}],"version-history":[{"count":0,"href":"https:\/\/akquaaa.com\/fr\/wp-json\/wp\/v2\/pages\/7745\/revisions"}],"wp:attachment":[{"href":"https:\/\/akquaaa.com\/fr\/wp-json\/wp\/v2\/media?parent=7745"}],"curies":[{"name":"wp","href":"https:\/\/api.w.org\/{rel}","templated":true}]}}