{"id":7830,"date":"2025-02-24T08:35:17","date_gmt":"2025-02-24T07:35:17","guid":{"rendered":"https:\/\/akquaaa.com\/beach-club-akquaaa\/"},"modified":"2025-09-04T17:33:06","modified_gmt":"2025-09-04T15:33:06","slug":"beach-club-akquaaa","status":"publish","type":"page","link":"https:\/\/akquaaa.com\/ca\/beach-club-akquaaa\/","title":{"rendered":"Beach Club Akquaaa"},"content":{"rendered":"\t\t<div data-elementor-type=\"wp-page\" data-elementor-id=\"7830\" class=\"elementor elementor-7830 elementor-900\" data-elementor-post-type=\"page\">\n\t\t\t\t<div class=\"elementor-element elementor-element-18fafca9 e-con-full e-flex e-con e-parent\" data-id=\"18fafca9\" data-element_type=\"container\" data-e-type=\"container\" data-settings=\"{&quot;background_background&quot;:&quot;classic&quot;}\">\n\t\t\t\t<div class=\"elementor-element elementor-element-e1b01a0 elementor-widget elementor-widget-image\" data-id=\"e1b01a0\" data-element_type=\"widget\" data-e-type=\"widget\" data-widget_type=\"image.default\">\n\t\t\t\t<div class=\"elementor-widget-container\">\n\t\t\t\t\t\t\t\t\t\t\t\t\t\t\t<img fetchpriority=\"high\" decoding=\"async\" width=\"557\" height=\"557\" src=\"https:\/\/akquaaa.com\/wp-content\/uploads\/2025\/01\/FAVICON-WEB.png\" class=\"attachment-large size-large wp-image-9859\" alt=\"\" srcset=\"https:\/\/akquaaa.com\/wp-content\/uploads\/2025\/01\/FAVICON-WEB.png 557w, https:\/\/akquaaa.com\/wp-content\/uploads\/2025\/01\/FAVICON-WEB-300x300.png 300w, https:\/\/akquaaa.com\/wp-content\/uploads\/2025\/01\/FAVICON-WEB-150x150.png 150w\" sizes=\"(max-width: 557px) 100vw, 557px\" \/>\t\t\t\t\t\t\t\t\t\t\t\t\t\t\t<\/div>\n\t\t\t\t<\/div>\n\t\t\t\t<div class=\"elementor-element elementor-element-332f124 elementor-widget elementor-widget-heading\" data-id=\"332f124\" data-element_type=\"widget\" data-e-type=\"widget\" data-widget_type=\"heading.default\">\n\t\t\t\t<div class=\"elementor-widget-container\">\n\t\t\t\t\t<h1 class=\"elementor-heading-title elementor-size-default\">BEACH CLUB<\/h1>\t\t\t\t<\/div>\n\t\t\t\t<\/div>\n\t\t\t\t<div class=\"elementor-element elementor-element-392952f elementor-widget elementor-widget-heading\" data-id=\"392952f\" data-element_type=\"widget\" data-e-type=\"widget\" data-widget_type=\"heading.default\">\n\t\t\t\t<div class=\"elementor-widget-container\">\n\t\t\t\t\t<h2 class=\"elementor-heading-title elementor-size-default\">RELAX, COCKTAILS I DESCONNEXI\u00d3 A PRIMERA L\u00cdNIA DE MAR<\/h2>\t\t\t\t<\/div>\n\t\t\t\t<\/div>\n\t\t\t\t<\/div>\n\t\t<div class=\"elementor-element elementor-element-13ada20 e-flex e-con-boxed e-con e-parent\" data-id=\"13ada20\" data-element_type=\"container\" data-e-type=\"container\" data-settings=\"{&quot;background_background&quot;:&quot;classic&quot;}\">\n\t\t\t\t\t<div class=\"e-con-inner\">\n\t\t<div class=\"elementor-element elementor-element-a823b77 e-con-full e-flex e-con e-child\" data-id=\"a823b77\" data-element_type=\"container\" data-e-type=\"container\" data-settings=\"{&quot;background_background&quot;:&quot;classic&quot;}\">\n\t\t\t\t<div class=\"elementor-element elementor-element-16dbbd7 elementor-widget elementor-widget-heading\" data-id=\"16dbbd7\" data-element_type=\"widget\" data-e-type=\"widget\" data-widget_type=\"heading.default\">\n\t\t\t\t<div class=\"elementor-widget-container\">\n\t\t\t\t\t<h2 class=\"elementor-heading-title elementor-size-default\">Beach Club Exclusiu a Primera L\u00ednia de Mar\n\n<\/h2>\t\t\t\t<\/div>\n\t\t\t\t<\/div>\n\t\t\t\t<div class=\"elementor-element elementor-element-f4dffc9 elementor-widget elementor-widget-heading\" data-id=\"f4dffc9\" data-element_type=\"widget\" data-e-type=\"widget\" data-widget_type=\"heading.default\">\n\t\t\t\t<div class=\"elementor-widget-container\">\n\t\t\t\t\t<h2 class=\"elementor-heading-title elementor-size-default\">Relaxa't, Gaudeix i Viu la Costa Daurada en un Espai \u00danic\n\n\n\n\n\n\n\n<\/h2>\t\t\t\t<\/div>\n\t\t\t\t<\/div>\n\t\t\t\t<div class=\"elementor-element elementor-element-1c5113d elementor-widget elementor-widget-heading\" data-id=\"1c5113d\" data-element_type=\"widget\" data-e-type=\"widget\" data-widget_type=\"heading.default\">\n\t\t\t\t<div class=\"elementor-widget-container\">\n\t\t\t\t\t<h2 class=\"elementor-heading-title elementor-size-default\">Obert del 20 de juny al 15 de setembre\n\n\n\n\n\n\n<\/h2>\t\t\t\t<\/div>\n\t\t\t\t<\/div>\n\t\t\t\t<div class=\"elementor-element elementor-element-c304d35 elementor-widget elementor-widget-text-editor\" data-id=\"c304d35\" data-element_type=\"widget\" data-e-type=\"widget\" data-widget_type=\"text-editor.default\">\n\t\t\t\t<div class=\"elementor-widget-container\">\n\t\t\t\t\t\t\t\t\t<p>Ubicat a peu de mar, el Beach Club de l&#8217;hotel ofereix als nostres hostes un refugi exclusiu on el sol, el mar i la diversi\u00f3 es troben. En aquest parad\u00eds costaner, podr\u00e0s gaudir d&#8217;una experi\u00e8ncia \u00fanica, amb gandules c\u00f2modes sota para-sols per a un descans perfecte, una zona de quiosquet per assaborir refrescants c\u00f2ctels i un ambient relaxat a la nostra terrassa i zona chillout. Cada tarda podr\u00e0s submergir-te en un ambient vibrant amb sessions de DJ, mentre et relaxes amb el so del mar de fons. Viu moments inoblidables en aquest rac\u00f3 privilegiat a primera l\u00ednia de mar.   <\/p>\t\t\t\t\t\t\t\t<\/div>\n\t\t\t\t<\/div>\n\t\t\t\t<div class=\"elementor-element elementor-element-cacbf60 elementor-align-center elementor-widget elementor-widget-button\" data-id=\"cacbf60\" data-element_type=\"widget\" data-e-type=\"widget\" data-widget_type=\"button.default\">\n\t\t\t\t<div class=\"elementor-widget-container\">\n\t\t\t\t\t\t\t\t\t<div class=\"elementor-button-wrapper\">\n\t\t\t\t\t<a class=\"elementor-button elementor-button-link elementor-size-sm\" href=\"https:\/\/akquaaa.com\/wp-content\/uploads\/2025\/06\/ESP_CARTA_LOUNGE_WEB.pdf%20%20\">\n\t\t\t\t\t\t<span class=\"elementor-button-content-wrapper\">\n\t\t\t\t\t\t\t\t\t<span class=\"elementor-button-text\">Carta Beach Club<\/span>\n\t\t\t\t\t<\/span>\n\t\t\t\t\t<\/a>\n\t\t\t\t<\/div>\n\t\t\t\t\t\t\t\t<\/div>\n\t\t\t\t<\/div>\n\t\t\t\t<\/div>\n\t\t\t\t\t<\/div>\n\t\t\t\t<\/div>\n\t\t<div class=\"elementor-element elementor-element-7d56463 e-con-full e-flex e-con e-parent\" data-id=\"7d56463\" data-element_type=\"container\" data-e-type=\"container\">\n\t\t<div class=\"elementor-element elementor-element-5065bda e-con-full e-flex e-con e-child\" data-id=\"5065bda\" data-element_type=\"container\" data-e-type=\"container\">\n\t\t\t\t<div class=\"elementor-element elementor-element-69fd811 elementor-cta--laptop-layout-image-above elementor-cta--valign-top elementor-cta--skin-classic elementor-animated-content elementor-bg-transform elementor-bg-transform-zoom-in elementor-widget elementor-widget-call-to-action\" data-id=\"69fd811\" data-element_type=\"widget\" data-e-type=\"widget\" data-widget_type=\"call-to-action.default\">\n\t\t\t\t<div class=\"elementor-widget-container\">\n\t\t\t\t\t\t\t<div class=\"elementor-cta\">\n\t\t\t\t\t<div class=\"elementor-cta__bg-wrapper\">\n\t\t\t\t<div class=\"elementor-cta__bg elementor-bg\" style=\"background-image: url(https:\/\/akquaaa.com\/wp-content\/uploads\/2025\/02\/daikiri-frozen-tumbonas-beach-club-683x1024.jpg);\" role=\"img\" aria-label=\"daikiri frozen tumbonas beach club\"><\/div>\n\t\t\t\t<div class=\"elementor-cta__bg-overlay\"><\/div>\n\t\t\t<\/div>\n\t\t\t\t\t\t\t<div class=\"elementor-cta__content\">\n\t\t\t\t\n\t\t\t\t\t\t\t\t\t<h2 class=\"elementor-cta__title elementor-cta__content-item elementor-content-item\">\n\t\t\t\t\t\tXiringuito &amp; C\u00f2ctels\t\t\t\t\t<\/h2>\n\t\t\t\t\n\t\t\t\t\t\t\t\t\t<div class=\"elementor-cta__description elementor-cta__content-item elementor-content-item\">\n\t\t\t\t\t\tRelaxa't a la nostra zona de quiosquet i assaboreix les millors begudes mentre gaudeixes del mar.\t\t\t\t\t<\/div>\n\t\t\t\t\n\t\t\t\t\t\t\t<\/div>\n\t\t\t\t\t\t<\/div>\n\t\t\t\t\t\t<\/div>\n\t\t\t\t<\/div>\n\t\t\t\t<\/div>\n\t\t<div class=\"elementor-element elementor-element-16e278f e-con-full e-flex e-con e-child\" data-id=\"16e278f\" data-element_type=\"container\" data-e-type=\"container\">\n\t\t\t\t<div class=\"elementor-element elementor-element-18d6d84 elementor-cta--skin-classic elementor-animated-content elementor-bg-transform elementor-bg-transform-zoom-in elementor-widget elementor-widget-call-to-action\" data-id=\"18d6d84\" data-element_type=\"widget\" data-e-type=\"widget\" data-widget_type=\"call-to-action.default\">\n\t\t\t\t<div class=\"elementor-widget-container\">\n\t\t\t\t\t\t\t<div class=\"elementor-cta\">\n\t\t\t\t\t<div class=\"elementor-cta__bg-wrapper\">\n\t\t\t\t<div class=\"elementor-cta__bg elementor-bg\" style=\"background-image: url(https:\/\/akquaaa.com\/wp-content\/uploads\/2025\/02\/dj-terraza-paseo-maritimo-4-1024x684.jpg);\" role=\"img\" aria-label=\"dj terraza paseo maritimo 4\"><\/div>\n\t\t\t\t<div class=\"elementor-cta__bg-overlay\"><\/div>\n\t\t\t<\/div>\n\t\t\t\t\t\t\t<div class=\"elementor-cta__content\">\n\t\t\t\t\n\t\t\t\t\t\t\t\t\t<h2 class=\"elementor-cta__title elementor-cta__content-item elementor-content-item\">\n\t\t\t\t\t\tAmenitzaci\u00f3 amb DJ\t\t\t\t\t<\/h2>\n\t\t\t\t\n\t\t\t\t\t\t\t\t\t<div class=\"elementor-cta__description elementor-cta__content-item elementor-content-item\">\n\t\t\t\t\t\tTots els divendres i dissabtes, de 20:00 a 23:00, gaudiu d'un ambient \u00fanic amb m\u00fasica en directe de la m\u00e0 del nostre DJ Ale Rod fins al 13 de setembre. \t\t\t\t\t<\/div>\n\t\t\t\t\n\t\t\t\t\t\t\t<\/div>\n\t\t\t\t\t\t<\/div>\n\t\t\t\t\t\t<\/div>\n\t\t\t\t<\/div>\n\t\t\t\t<\/div>\n\t\t<div class=\"elementor-element elementor-element-e5d94d9 e-con-full e-flex e-con e-child\" data-id=\"e5d94d9\" data-element_type=\"container\" data-e-type=\"container\">\n\t\t\t\t<div class=\"elementor-element elementor-element-0ec0485 elementor-cta--laptop-layout-image-above elementor-cta--valign-top elementor-cta--skin-classic elementor-animated-content elementor-bg-transform elementor-bg-transform-zoom-in elementor-widget elementor-widget-call-to-action\" data-id=\"0ec0485\" data-element_type=\"widget\" data-e-type=\"widget\" data-widget_type=\"call-to-action.default\">\n\t\t\t\t<div class=\"elementor-widget-container\">\n\t\t\t\t\t\t\t<div class=\"elementor-cta\">\n\t\t\t\t\t<div class=\"elementor-cta__bg-wrapper\">\n\t\t\t\t<div class=\"elementor-cta__bg elementor-bg\" style=\"background-image: url(https:\/\/akquaaa.com\/wp-content\/uploads\/2025\/02\/chill-out-terraza-maritimo-1024x683.jpg);\" role=\"img\" aria-label=\"chill out terraza maritimo\"><\/div>\n\t\t\t\t<div class=\"elementor-cta__bg-overlay\"><\/div>\n\t\t\t<\/div>\n\t\t\t\t\t\t\t<div class=\"elementor-cta__content\">\n\t\t\t\t\n\t\t\t\t\t\t\t\t\t<h2 class=\"elementor-cta__title elementor-cta__content-item elementor-content-item\">\n\t\t\t\t\t\tZones Chillout &amp; Relax\t\t\t\t\t<\/h2>\n\t\t\t\t\n\t\t\t\t\t\t\t\t\t<div class=\"elementor-cta__description elementor-cta__content-item elementor-content-item\">\n\t\t\t\t\t\tRelaxa't a les nostres zones chillout i terrasses dissenyades per al teu confort total.\n\n\t\t\t\t\t<\/div>\n\t\t\t\t\n\t\t\t\t\t\t\t<\/div>\n\t\t\t\t\t\t<\/div>\n\t\t\t\t\t\t<\/div>\n\t\t\t\t<\/div>\n\t\t\t\t<\/div>\n\t\t\t\t<\/div>\n\t\t<div class=\"elementor-element elementor-element-6f9673f e-con-full e-flex e-con e-parent\" data-id=\"6f9673f\" data-element_type=\"container\" data-e-type=\"container\" data-settings=\"{&quot;background_background&quot;:&quot;classic&quot;}\">\n\t\t\t\t<div class=\"elementor-element elementor-element-76a02a5 elementor-widget elementor-widget-spacer\" data-id=\"76a02a5\" data-element_type=\"widget\" data-e-type=\"widget\" data-widget_type=\"spacer.default\">\n\t\t\t\t<div class=\"elementor-widget-container\">\n\t\t\t\t\t\t\t<div class=\"elementor-spacer\">\n\t\t\t<div class=\"elementor-spacer-inner\"><\/div>\n\t\t<\/div>\n\t\t\t\t\t\t<\/div>\n\t\t\t\t<\/div>\n\t\t\t\t<\/div>\n\t\t\t\t<\/div>\n\t\t","protected":false},"excerpt":{"rendered":"<p>BEACH CLUB RELAX, COCKTAILS I DESCONNEXI\u00d3 A PRIMERA L\u00cdNIA DE MAR Beach Club Exclusiu a Primera L\u00ednia de Mar Relaxa&#8217;t, Gaudeix i Viu la Costa Daurada en un Espai \u00danic Obert del 20 de juny al 15 de setembre Ubicat a peu de mar, el Beach Club de l&#8217;hotel ofereix als nostres hostes un refugi [&hellip;]<\/p>\n","protected":false},"author":1,"featured_media":917,"parent":0,"menu_order":0,"comment_status":"closed","ping_status":"closed","template":"","meta":{"footnotes":""},"class_list":["post-7830","page","type-page","status-publish","has-post-thumbnail","hentry"],"yoast_head":"<!-- This site is optimized with the Yoast SEO plugin v27.3 - https:\/\/yoast.com\/product\/yoast-seo-wordpress\/ -->\n<title>Beach Club Akquaaa<\/title>\n<meta name=\"description\" content=\"Descobreix l&#039;exclusiu Beach Club del nostre hotel a Calafell, a primera l\u00ednia de mar. Hamaques, caiacs, p\u00e0del surf, c\u00f2ctels...\" \/>\n<meta name=\"robots\" content=\"index, follow, max-snippet:-1, max-image-preview:large, max-video-preview:-1\" \/>\n<link rel=\"canonical\" href=\"https:\/\/akquaaa.com\/ca\/beach-club-akquaaa\/\" \/>\n<meta property=\"og:locale\" content=\"ca_ES\" \/>\n<meta property=\"og:type\" content=\"article\" \/>\n<meta property=\"og:title\" content=\"Beach Club Akquaaa\" \/>\n<meta property=\"og:description\" content=\"Descobreix l&#039;exclusiu Beach Club del nostre hotel a Calafell, a primera l\u00ednia de mar. Hamaques, caiacs, p\u00e0del surf, c\u00f2ctels...\" \/>\n<meta property=\"og:url\" content=\"https:\/\/akquaaa.com\/ca\/beach-club-akquaaa\/\" \/>\n<meta property=\"og:site_name\" content=\"Akquaaa\" \/>\n<meta property=\"article:modified_time\" content=\"2025-09-04T15:33:06+00:00\" \/>\n<meta property=\"og:image\" content=\"https:\/\/akquaaa.com\/wp-content\/uploads\/2025\/02\/beach-club-playa-1-scaled.jpg\" \/>\n\t<meta property=\"og:image:width\" content=\"2560\" \/>\n\t<meta property=\"og:image:height\" content=\"1708\" \/>\n\t<meta property=\"og:image:type\" content=\"image\/jpeg\" \/>\n<meta name=\"twitter:card\" content=\"summary_large_image\" \/>\n<meta name=\"twitter:label1\" content=\"Temps estimat de lectura\" \/>\n\t<meta name=\"twitter:data1\" content=\"1 minut\" \/>\n<script type=\"application\/ld+json\" class=\"yoast-schema-graph\">{\"@context\":\"https:\\\/\\\/schema.org\",\"@graph\":[{\"@type\":\"WebPage\",\"@id\":\"https:\\\/\\\/akquaaa.com\\\/ca\\\/beach-club-akquaaa\\\/\",\"url\":\"https:\\\/\\\/akquaaa.com\\\/ca\\\/beach-club-akquaaa\\\/\",\"name\":\"Beach Club Akquaaa\",\"isPartOf\":{\"@id\":\"https:\\\/\\\/akquaaa.com\\\/#website\"},\"primaryImageOfPage\":{\"@id\":\"https:\\\/\\\/akquaaa.com\\\/ca\\\/beach-club-akquaaa\\\/#primaryimage\"},\"image\":{\"@id\":\"https:\\\/\\\/akquaaa.com\\\/ca\\\/beach-club-akquaaa\\\/#primaryimage\"},\"thumbnailUrl\":\"https:\\\/\\\/akquaaa.com\\\/wp-content\\\/uploads\\\/2025\\\/02\\\/beach-club-playa-1-scaled.jpg\",\"datePublished\":\"2025-02-24T07:35:17+00:00\",\"dateModified\":\"2025-09-04T15:33:06+00:00\",\"description\":\"Descobreix l'exclusiu Beach Club del nostre hotel a Calafell, a primera l\u00ednia de mar. Hamaques, caiacs, p\u00e0del surf, c\u00f2ctels...\",\"breadcrumb\":{\"@id\":\"https:\\\/\\\/akquaaa.com\\\/ca\\\/beach-club-akquaaa\\\/#breadcrumb\"},\"inLanguage\":\"ca\",\"potentialAction\":[{\"@type\":\"ReadAction\",\"target\":[\"https:\\\/\\\/akquaaa.com\\\/ca\\\/beach-club-akquaaa\\\/\"]}]},{\"@type\":\"ImageObject\",\"inLanguage\":\"ca\",\"@id\":\"https:\\\/\\\/akquaaa.com\\\/ca\\\/beach-club-akquaaa\\\/#primaryimage\",\"url\":\"https:\\\/\\\/akquaaa.com\\\/wp-content\\\/uploads\\\/2025\\\/02\\\/beach-club-playa-1-scaled.jpg\",\"contentUrl\":\"https:\\\/\\\/akquaaa.com\\\/wp-content\\\/uploads\\\/2025\\\/02\\\/beach-club-playa-1-scaled.jpg\",\"width\":2560,\"height\":1708},{\"@type\":\"BreadcrumbList\",\"@id\":\"https:\\\/\\\/akquaaa.com\\\/ca\\\/beach-club-akquaaa\\\/#breadcrumb\",\"itemListElement\":[{\"@type\":\"ListItem\",\"position\":1,\"name\":\"Portada\",\"item\":\"https:\\\/\\\/akquaaa.com\\\/\"},{\"@type\":\"ListItem\",\"position\":2,\"name\":\"Beach Club Akquaaa\"}]},{\"@type\":\"WebSite\",\"@id\":\"https:\\\/\\\/akquaaa.com\\\/#website\",\"url\":\"https:\\\/\\\/akquaaa.com\\\/\",\"name\":\"Hotel Akquaaa\",\"description\":\"\",\"publisher\":{\"@id\":\"https:\\\/\\\/akquaaa.com\\\/#organization\"},\"potentialAction\":[{\"@type\":\"SearchAction\",\"target\":{\"@type\":\"EntryPoint\",\"urlTemplate\":\"https:\\\/\\\/akquaaa.com\\\/?s={search_term_string}\"},\"query-input\":{\"@type\":\"PropertyValueSpecification\",\"valueRequired\":true,\"valueName\":\"search_term_string\"}}],\"inLanguage\":\"ca\"},{\"@type\":\"Organization\",\"@id\":\"https:\\\/\\\/akquaaa.com\\\/#organization\",\"name\":\"Hotel Akquaaa\",\"url\":\"https:\\\/\\\/akquaaa.com\\\/\",\"logo\":{\"@type\":\"ImageObject\",\"inLanguage\":\"ca\",\"@id\":\"https:\\\/\\\/akquaaa.com\\\/#\\\/schema\\\/logo\\\/image\\\/\",\"url\":\"https:\\\/\\\/akquaaa.com\\\/wp-content\\\/uploads\\\/2025\\\/01\\\/LOHO-HOTEL-NEGRO.png\",\"contentUrl\":\"https:\\\/\\\/akquaaa.com\\\/wp-content\\\/uploads\\\/2025\\\/01\\\/LOHO-HOTEL-NEGRO.png\",\"width\":4000,\"height\":1016,\"caption\":\"Hotel Akquaaa\"},\"image\":{\"@id\":\"https:\\\/\\\/akquaaa.com\\\/#\\\/schema\\\/logo\\\/image\\\/\"}}]}<\/script>\n<!-- \/ Yoast SEO plugin. -->","yoast_head_json":{"title":"Beach Club Akquaaa","description":"Descobreix l'exclusiu Beach Club del nostre hotel a Calafell, a primera l\u00ednia de mar. Hamaques, caiacs, p\u00e0del surf, c\u00f2ctels...","robots":{"index":"index","follow":"follow","max-snippet":"max-snippet:-1","max-image-preview":"max-image-preview:large","max-video-preview":"max-video-preview:-1"},"canonical":"https:\/\/akquaaa.com\/ca\/beach-club-akquaaa\/","og_locale":"ca_ES","og_type":"article","og_title":"Beach Club Akquaaa","og_description":"Descobreix l'exclusiu Beach Club del nostre hotel a Calafell, a primera l\u00ednia de mar. Hamaques, caiacs, p\u00e0del surf, c\u00f2ctels...","og_url":"https:\/\/akquaaa.com\/ca\/beach-club-akquaaa\/","og_site_name":"Akquaaa","article_modified_time":"2025-09-04T15:33:06+00:00","og_image":[{"width":2560,"height":1708,"url":"https:\/\/akquaaa.com\/wp-content\/uploads\/2025\/02\/beach-club-playa-1-scaled.jpg","type":"image\/jpeg"}],"twitter_card":"summary_large_image","twitter_misc":{"Temps estimat de lectura":"1 minut"},"schema":{"@context":"https:\/\/schema.org","@graph":[{"@type":"WebPage","@id":"https:\/\/akquaaa.com\/ca\/beach-club-akquaaa\/","url":"https:\/\/akquaaa.com\/ca\/beach-club-akquaaa\/","name":"Beach Club Akquaaa","isPartOf":{"@id":"https:\/\/akquaaa.com\/#website"},"primaryImageOfPage":{"@id":"https:\/\/akquaaa.com\/ca\/beach-club-akquaaa\/#primaryimage"},"image":{"@id":"https:\/\/akquaaa.com\/ca\/beach-club-akquaaa\/#primaryimage"},"thumbnailUrl":"https:\/\/akquaaa.com\/wp-content\/uploads\/2025\/02\/beach-club-playa-1-scaled.jpg","datePublished":"2025-02-24T07:35:17+00:00","dateModified":"2025-09-04T15:33:06+00:00","description":"Descobreix l'exclusiu Beach Club del nostre hotel a Calafell, a primera l\u00ednia de mar. Hamaques, caiacs, p\u00e0del surf, c\u00f2ctels...","breadcrumb":{"@id":"https:\/\/akquaaa.com\/ca\/beach-club-akquaaa\/#breadcrumb"},"inLanguage":"ca","potentialAction":[{"@type":"ReadAction","target":["https:\/\/akquaaa.com\/ca\/beach-club-akquaaa\/"]}]},{"@type":"ImageObject","inLanguage":"ca","@id":"https:\/\/akquaaa.com\/ca\/beach-club-akquaaa\/#primaryimage","url":"https:\/\/akquaaa.com\/wp-content\/uploads\/2025\/02\/beach-club-playa-1-scaled.jpg","contentUrl":"https:\/\/akquaaa.com\/wp-content\/uploads\/2025\/02\/beach-club-playa-1-scaled.jpg","width":2560,"height":1708},{"@type":"BreadcrumbList","@id":"https:\/\/akquaaa.com\/ca\/beach-club-akquaaa\/#breadcrumb","itemListElement":[{"@type":"ListItem","position":1,"name":"Portada","item":"https:\/\/akquaaa.com\/"},{"@type":"ListItem","position":2,"name":"Beach Club Akquaaa"}]},{"@type":"WebSite","@id":"https:\/\/akquaaa.com\/#website","url":"https:\/\/akquaaa.com\/","name":"Hotel Akquaaa","description":"","publisher":{"@id":"https:\/\/akquaaa.com\/#organization"},"potentialAction":[{"@type":"SearchAction","target":{"@type":"EntryPoint","urlTemplate":"https:\/\/akquaaa.com\/?s={search_term_string}"},"query-input":{"@type":"PropertyValueSpecification","valueRequired":true,"valueName":"search_term_string"}}],"inLanguage":"ca"},{"@type":"Organization","@id":"https:\/\/akquaaa.com\/#organization","name":"Hotel Akquaaa","url":"https:\/\/akquaaa.com\/","logo":{"@type":"ImageObject","inLanguage":"ca","@id":"https:\/\/akquaaa.com\/#\/schema\/logo\/image\/","url":"https:\/\/akquaaa.com\/wp-content\/uploads\/2025\/01\/LOHO-HOTEL-NEGRO.png","contentUrl":"https:\/\/akquaaa.com\/wp-content\/uploads\/2025\/01\/LOHO-HOTEL-NEGRO.png","width":4000,"height":1016,"caption":"Hotel Akquaaa"},"image":{"@id":"https:\/\/akquaaa.com\/#\/schema\/logo\/image\/"}}]}},"_links":{"self":[{"href":"https:\/\/akquaaa.com\/ca\/wp-json\/wp\/v2\/pages\/7830","targetHints":{"allow":["GET"]}}],"collection":[{"href":"https:\/\/akquaaa.com\/ca\/wp-json\/wp\/v2\/pages"}],"about":[{"href":"https:\/\/akquaaa.com\/ca\/wp-json\/wp\/v2\/types\/page"}],"author":[{"embeddable":true,"href":"https:\/\/akquaaa.com\/ca\/wp-json\/wp\/v2\/users\/1"}],"replies":[{"embeddable":true,"href":"https:\/\/akquaaa.com\/ca\/wp-json\/wp\/v2\/comments?post=7830"}],"version-history":[{"count":0,"href":"https:\/\/akquaaa.com\/ca\/wp-json\/wp\/v2\/pages\/7830\/revisions"}],"wp:featuredmedia":[{"embeddable":true,"href":"https:\/\/akquaaa.com\/ca\/wp-json\/wp\/v2\/media\/917"}],"wp:attachment":[{"href":"https:\/\/akquaaa.com\/ca\/wp-json\/wp\/v2\/media?parent=7830"}],"curies":[{"name":"wp","href":"https:\/\/api.w.org\/{rel}","templated":true}]}}